{"id":659,"date":"2022-04-03T16:17:34","date_gmt":"2022-04-03T16:17:34","guid":{"rendered":"https:\/\/kaffen-demo.bslthemes.com\/?page_id=659"},"modified":"2023-11-12T17:53:01","modified_gmt":"2023-11-12T17:53:01","slug":"hot-coffees","status":"publish","type":"page","link":"https:\/\/www.hookahtalyacafe.com\/tr\/hot-coffees\/","title":{"rendered":"S\u0131cak Kahveler"},"content":{"rendered":"<div data-elementor-type=\"wp-page\" data-elementor-id=\"659\" class=\"elementor elementor-659\" data-elementor-post-type=\"page\">\n\t\t\t\t\t\t<section class=\"elementor-section elementor-top-section elementor-element elementor-element-0e4ad38 elementor-section-full_width elementor-section-height-default elementor-section-height-default\" data-id=\"0e4ad38\" data-element_type=\"section\" data-e-type=\"section\">\n\t\t\t\t\t\t<div class=\"elementor-container elementor-column-gap-no\">\n\t\t\t\t\t<div class=\"elementor-column elementor-col-100 elementor-top-column elementor-element elementor-element-4eeb51c\" data-id=\"4eeb51c\" data-element_type=\"column\" data-e-type=\"column\">\n\t\t\t<div class=\"elementor-widget-wrap elementor-element-populated\">\n\t\t\t\t\t\t<div class=\"elementor-element elementor-element-2d66a0d elementor-widget elementor-widget-kaffen-started\" data-id=\"2d66a0d\" data-element_type=\"widget\" data-e-type=\"widget\" data-widget_type=\"kaffen-started.default\">\n\t\t\t\t<div class=\"elementor-widget-container\">\n\t\t\t\t\t\n    <!-- Section Started Inner -->\n    <section class=\"section kf-started-inner\">\n      <div class=\"kf-parallax-bg js-parallax\" style=\"background-image: url('https:\/\/www.hookahtalyacafe.com\/wp-content\/uploads\/2023\/08\/Hot-Coffee-HookahTaya-Cafe-Lara-Antalya-Menu.webp');\"><\/div>\n\t  <div class=\"container\">\n        \n\t\t\t\t<ul class=\"kf-breadcrumbs\"><li><a href=\"https:\/\/www.hookahtalyacafe.com\/tr\" title=\"HookahTalya Cafe\">Home<\/a><\/li><li class=\"tst-active\"><a><\/a><\/li><\/ul>      <\/div>\n    <\/section>\n\n\t\t\t\t\t\t<\/div>\n\t\t\t\t<\/div>\n\t\t\t\t\t<\/div>\n\t\t<\/div>\n\t\t\t\t\t<\/div>\n\t\t<\/section>\n\t\t\t\t<section class=\"elementor-section elementor-top-section elementor-element elementor-element-09b7277 elementor-section-boxed elementor-section-height-default elementor-section-height-default\" data-id=\"09b7277\" data-element_type=\"section\" data-e-type=\"section\">\n\t\t\t\t\t\t<div class=\"elementor-container elementor-column-gap-no\">\n\t\t\t\t\t<div class=\"elementor-column elementor-col-100 elementor-top-column elementor-element elementor-element-6ae5c98\" data-id=\"6ae5c98\" data-element_type=\"column\" data-e-type=\"column\">\n\t\t\t<div class=\"elementor-widget-wrap elementor-element-populated\">\n\t\t\t\t<div class=\"elementor-element elementor-element-4dd15eb e-flex e-con-boxed e-con e-parent\" data-id=\"4dd15eb\" data-element_type=\"container\" data-e-type=\"container\">\n\t\t\t\t\t<div class=\"e-con-inner\">\n\t\t\t\t<div class=\"elementor-element elementor-element-2448b29 elementor-widget elementor-widget-button\" data-id=\"2448b29\" data-element_type=\"widget\" data-e-type=\"widget\" data-widget_type=\"button.default\">\n\t\t\t\t\t\t\t\t\t\t<a class=\"elementor-button elementor-button-link elementor-size-sm\" href=\"https:\/\/www.hookahtalyacafe.com\/tr\/\">\n\t\t\t\t\t\t<span class=\"elementor-button-content-wrapper\">\n\t\t\t\t\t\t\t\t\t<span class=\"elementor-button-text\">Ana men\u00fcye d\u00f6n<\/span>\n\t\t\t\t\t<\/span>\n\t\t\t\t\t<\/a>\n\t\t\t\t\t\t\t\t<\/div>\n\t\t\t\t\t<\/div>\n\t\t\t\t<\/div>\n\t\t\t\t\t<\/div>\n\t\t<\/div>\n\t\t\t\t\t<\/div>\n\t\t<\/section>\n\t\t\t\t<section class=\"elementor-section elementor-top-section elementor-element elementor-element-e3d5e70 elementor-section-boxed elementor-section-height-default elementor-section-height-default\" data-id=\"e3d5e70\" data-element_type=\"section\" data-e-type=\"section\">\n\t\t\t\t\t\t<div class=\"elementor-container elementor-column-gap-no\">\n\t\t\t\t\t<div class=\"elementor-column elementor-col-100 elementor-top-column elementor-element elementor-element-c8b66c6\" data-id=\"c8b66c6\" data-element_type=\"column\" data-e-type=\"column\">\n\t\t\t<div class=\"elementor-widget-wrap elementor-element-populated\">\n\t\t\t\t\t\t<section class=\"elementor-section elementor-inner-section elementor-element elementor-element-5793e62 elementor-section-full_width elementor-section-height-default elementor-section-height-default\" data-id=\"5793e62\" data-element_type=\"section\" data-e-type=\"section\">\n\t\t\t\t\t\t<div class=\"elementor-container elementor-column-gap-no\">\n\t\t\t\t\t<div class=\"elementor-column elementor-col-50 elementor-inner-column elementor-element elementor-element-1e8dc8f\" data-id=\"1e8dc8f\" data-element_type=\"column\" data-e-type=\"column\">\n\t\t\t<div class=\"elementor-widget-wrap elementor-element-populated\">\n\t\t\t\t\t\t<div class=\"elementor-element elementor-element-57d0203 elementor-widget elementor-widget-kaffen-restaurant-menu-image\" data-id=\"57d0203\" data-element_type=\"widget\" data-e-type=\"widget\" data-widget_type=\"kaffen-restaurant-menu-image.default\">\n\t\t\t\t<div class=\"elementor-widget-container\">\n\t\t\t\t\t\n\t\t    <div class=\"kf-menu-image-2 left element-anim-1 scroll-animate\" data-animate=\"active\" style=\"background-image: url('https:\/\/www.hookahtalyacafe.com\/wp-content\/uploads\/2023\/08\/Hot-Coffee-HookahTaya-Cafe-Lara-Antalya.webp');\"><\/div>\n    \n\t\t\t\t\t\t<\/div>\n\t\t\t\t<\/div>\n\t\t\t\t<div class=\"elementor-element elementor-element-48336d5 elementor-widget elementor-widget-kaffen-restaurant-menu-list\" data-id=\"48336d5\" data-element_type=\"widget\" data-e-type=\"widget\" data-widget_type=\"kaffen-restaurant-menu-list.default\">\n\t\t\t\t<div class=\"elementor-widget-container\">\n\t\t\t\t\t\n\t\t\t\t<div class=\"kf-menu-items-2\">\n\t\t\t\n\n<!-- menu item -->\n<div class=\"kf-menu-item-2 element-anim-1 scroll-animate\" data-animate=\"active\">\n\t\t<div class=\"image kf-image-hover\">\n\t\t<a href=\"https:\/\/www.hookahtalyacafe.com\/wp-content\/uploads\/2023\/09\/Americano-HookahTaya-Cafe-Lara-Antalya.webp\" data-elementor-open-lightbox=\"yes\" data-elementor-lightbox-title=\"Americano\"><img decoding=\"async\" src=\"https:\/\/www.hookahtalyacafe.com\/wp-content\/uploads\/2023\/09\/Americano-HookahTaya-Cafe-Lara-Antalya.webp\" alt=\"Americano\" \/><\/a>\n\t<\/div>\n\t\t<div class=\"desc\">\n\t\t<h5 class=\"name\">Americano<\/h5>\n\t\t\t\t<div class=\"subname\">\n\t\t\t\u0130ki shot espresso ve s\u0131cak su\t\t<\/div>\n\t\t\t\t\t\t<div class=\"price\">\n\t\t\t<span>TL150<\/span>\n\t\t<\/div>\n\t\t\t<\/div>\n<\/div>\n<!-- menu item end -->\n\n\n<!-- menu item -->\n<div class=\"kf-menu-item-2 element-anim-1 scroll-animate\" data-animate=\"active\">\n\t\t<div class=\"image kf-image-hover\">\n\t\t<a href=\"https:\/\/www.hookahtalyacafe.com\/wp-content\/uploads\/2023\/09\/Caffe-Latte-HookahTaya-Cafe-Lara-Antalya.webp\" data-elementor-open-lightbox=\"yes\" data-elementor-lightbox-title=\"Caffe Latte\"><img decoding=\"async\" src=\"https:\/\/www.hookahtalyacafe.com\/wp-content\/uploads\/2023\/09\/Caffe-Latte-HookahTaya-Cafe-Lara-Antalya.webp\" alt=\"Kafe Latte\" \/><\/a>\n\t<\/div>\n\t\t<div class=\"desc\">\n\t\t<h5 class=\"name\">Kafe Latte<\/h5>\n\t\t\t\t<div class=\"subname\">\n\t\t\tTek shot espresso, \u00fcst\u00fcne k\u00f6p\u00fck konmu\u015f buharlanm\u0131\u015f s\u00fct.\t\t<\/div>\n\t\t\t\t\t\t<div class=\"price\">\n\t\t\t<span>TL170<\/span>\n\t\t<\/div>\n\t\t\t<\/div>\n<\/div>\n<!-- menu item end -->\n\n\n<!-- menu item -->\n<div class=\"kf-menu-item-2 element-anim-1 scroll-animate\" data-animate=\"active\">\n\t\t<div class=\"image kf-image-hover\">\n\t\t<a href=\"https:\/\/www.hookahtalyacafe.com\/wp-content\/uploads\/2023\/09\/latte-coffee_785660-4189.webp\" data-elementor-open-lightbox=\"yes\" data-elementor-lightbox-title=\"Caffe Macchiato\"><img decoding=\"async\" src=\"https:\/\/www.hookahtalyacafe.com\/wp-content\/uploads\/2023\/09\/latte-coffee_785660-4189.webp\" alt=\"Macchiato Kafe\" \/><\/a>\n\t<\/div>\n\t\t<div class=\"desc\">\n\t\t<h5 class=\"name\">Macchiato Kafe<\/h5>\n\t\t\t\t<div class=\"subname\">\n\t\t\t\u00dcst\u00fcne k\u00f6p\u00fck konmu\u015f tek shot espresso.\t\t<\/div>\n\t\t\t\t\t\t<div class=\"price\">\n\t\t\t<span>TL125<\/span>\n\t\t<\/div>\n\t\t\t<\/div>\n<\/div>\n<!-- menu item end -->\n\n\n<!-- menu item -->\n<div class=\"kf-menu-item-2 element-anim-1 scroll-animate\" data-animate=\"active\">\n\t\t<div class=\"image kf-image-hover\">\n\t\t<a href=\"https:\/\/www.hookahtalyacafe.com\/wp-content\/uploads\/2023\/09\/Caffe-Mocha-HookahTaya-Cafe-Lara-Antalya.webp\" data-elementor-open-lightbox=\"yes\" data-elementor-lightbox-title=\"Caffe Mocha\"><img decoding=\"async\" src=\"https:\/\/www.hookahtalyacafe.com\/wp-content\/uploads\/2023\/09\/Caffe-Mocha-HookahTaya-Cafe-Lara-Antalya.webp\" alt=\"Kafe Mocha\" \/><\/a>\n\t<\/div>\n\t\t<div class=\"desc\">\n\t\t<h5 class=\"name\">Kafe Mocha<\/h5>\n\t\t\t\t<div class=\"subname\">\n\t\t\tTek shot espresso, \u00e7ikolata sosu, k\u00f6p\u00fckl\u00fc buharl\u0131 s\u00fct\t\t<\/div>\n\t\t\t\t\t\t<div class=\"price\">\n\t\t\t<span>TL190<\/span>\n\t\t<\/div>\n\t\t\t<\/div>\n<\/div>\n<!-- menu item end -->\n\n\n<!-- menu item -->\n<div class=\"kf-menu-item-2 element-anim-1 scroll-animate\" data-animate=\"active\">\n\t\t<div class=\"image kf-image-hover\">\n\t\t<a href=\"https:\/\/www.hookahtalyacafe.com\/wp-content\/uploads\/2023\/09\/cappuccino.webp\" data-elementor-open-lightbox=\"yes\" data-elementor-lightbox-title=\"Cappuccino\"><img decoding=\"async\" src=\"https:\/\/www.hookahtalyacafe.com\/wp-content\/uploads\/2023\/09\/cappuccino.webp\" alt=\"Cappuccino\" \/><\/a>\n\t<\/div>\n\t\t<div class=\"desc\">\n\t\t<h5 class=\"name\">Cappuccino<\/h5>\n\t\t\t\t<div class=\"subname\">\n\t\t\tTek shot espresso, buharla \u0131s\u0131t\u0131lm\u0131\u015f s\u00fct ve k\u00f6p\u00fck.\t\t<\/div>\n\t\t\t\t\t\t<div class=\"price\">\n\t\t\t<span>TL170<\/span>\n\t\t<\/div>\n\t\t\t<\/div>\n<\/div>\n<!-- menu item end -->\n\n\n<!-- menu item -->\n<div class=\"kf-menu-item-2 element-anim-1 scroll-animate\" data-animate=\"active\">\n\t\t<div class=\"image kf-image-hover\">\n\t\t<a href=\"https:\/\/www.hookahtalyacafe.com\/wp-content\/uploads\/2023\/09\/iced-latte-1.webp\" data-elementor-open-lightbox=\"yes\" data-elementor-lightbox-title=\"Caramel Latte\"><img decoding=\"async\" src=\"https:\/\/www.hookahtalyacafe.com\/wp-content\/uploads\/2023\/09\/iced-latte-1.webp\" alt=\"Karamelli Latte\" \/><\/a>\n\t<\/div>\n\t\t<div class=\"desc\">\n\t\t<h5 class=\"name\">Karamelli Latte<\/h5>\n\t\t\t\t<div class=\"subname\">\n\t\t\tTek shot espresso, \u00e7ikolata sosu, k\u00f6p\u00fckl\u00fc buharl\u0131 s\u00fct\t\t<\/div>\n\t\t\t\t\t\t<div class=\"price\">\n\t\t\t<span>TL190<\/span>\n\t\t<\/div>\n\t\t\t<\/div>\n<\/div>\n<!-- menu item end -->\n\n\n<!-- menu item -->\n<div class=\"kf-menu-item-2 element-anim-1 scroll-animate\" data-animate=\"active\">\n\t\t<div class=\"image kf-image-hover\">\n\t\t<a href=\"https:\/\/www.hookahtalyacafe.com\/wp-content\/uploads\/2023\/09\/cortado.webp\" data-elementor-open-lightbox=\"yes\" data-elementor-lightbox-title=\"Cortado\"><img decoding=\"async\" src=\"https:\/\/www.hookahtalyacafe.com\/wp-content\/uploads\/2023\/09\/cortado.webp\" alt=\"Kortado\" \/><\/a>\n\t<\/div>\n\t\t<div class=\"desc\">\n\t\t<h5 class=\"name\">Kortado<\/h5>\n\t\t\t\t<div class=\"subname\">\n\t\t\tTek shot espresso, yo\u011fun kahve tad\u0131yla buharla \u0131s\u0131t\u0131lm\u0131\u015f s\u00fct.\t\t<\/div>\n\t\t\t\t\t\t<div class=\"price\">\n\t\t\t<span>TL170<\/span>\n\t\t<\/div>\n\t\t\t<\/div>\n<\/div>\n<!-- menu item end -->\n\n\n<!-- menu item -->\n<div class=\"kf-menu-item-2 element-anim-1 scroll-animate\" data-animate=\"active\">\n\t\t<div class=\"image kf-image-hover\">\n\t\t<a href=\"https:\/\/www.hookahtalyacafe.com\/wp-content\/uploads\/2023\/08\/Doppio-Coffee-hookahtalya-cafe-lara-antalya.webp\" data-elementor-open-lightbox=\"yes\" data-elementor-lightbox-title=\"Doppio Coffee\"><img decoding=\"async\" src=\"https:\/\/www.hookahtalyacafe.com\/wp-content\/uploads\/2023\/08\/Doppio-Coffee-hookahtalya-cafe-lara-antalya.webp\" alt=\"Duble Kahve\" \/><\/a>\n\t<\/div>\n\t\t<div class=\"desc\">\n\t\t<h5 class=\"name\">Duble Kahve<\/h5>\n\t\t\t\t<div class=\"subname\">\n\t\t\tM\u00fckemmel bir \u015fekilde demlenmi\u015f, y\u00fcksek kaliteli \u00e7ekirdeklerin iki kat cesur ve yo\u011fun bir kar\u0131\u015f\u0131m\u0131.\t\t<\/div>\n\t\t\t\t\t\t<div class=\"price\">\n\t\t\t<span>TL150<\/span>\n\t\t<\/div>\n\t\t\t<\/div>\n<\/div>\n<!-- menu item end -->\n\n\n<!-- menu item -->\n<div class=\"kf-menu-item-2 element-anim-1 scroll-animate\" data-animate=\"active\">\n\t\t<div class=\"image kf-image-hover\">\n\t\t<a href=\"https:\/\/www.hookahtalyacafe.com\/wp-content\/uploads\/2023\/08\/Espresso-Coffee.webp\" data-elementor-open-lightbox=\"yes\" data-elementor-lightbox-title=\"Espresso\"><img decoding=\"async\" src=\"https:\/\/www.hookahtalyacafe.com\/wp-content\/uploads\/2023\/08\/Espresso-Coffee.webp\" alt=\"Espresso\" \/><\/a>\n\t<\/div>\n\t\t<div class=\"desc\">\n\t\t<h5 class=\"name\">Espresso<\/h5>\n\t\t\t\t<div class=\"subname\">\n\t\t\tM\u00fckemmel bir \u015fekilde demlenmi\u015f, y\u00fcksek kaliteli \u00e7ekirdeklerin iki kat cesur ve yo\u011fun bir kar\u0131\u015f\u0131m\u0131. \t\t<\/div>\n\t\t\t\t\t\t<div class=\"price\">\n\t\t\t<span>TL120<\/span>\n\t\t<\/div>\n\t\t\t<\/div>\n<\/div>\n<!-- menu item end -->\n\n\n<!-- menu item -->\n<div class=\"kf-menu-item-2 element-anim-1 scroll-animate\" data-animate=\"active\">\n\t\t<div class=\"image kf-image-hover\">\n\t\t<a href=\"https:\/\/www.hookahtalyacafe.com\/wp-content\/uploads\/2023\/09\/Espresso-Con-Panna-HookahTaya-Cafe-Lara-Antalya.webp\" data-elementor-open-lightbox=\"yes\" data-elementor-lightbox-title=\"Espresso Con Panna\"><img decoding=\"async\" src=\"https:\/\/www.hookahtalyacafe.com\/wp-content\/uploads\/2023\/09\/Espresso-Con-Panna-HookahTaya-Cafe-Lara-Antalya.webp\" alt=\"Espresso Con Panna\" \/><\/a>\n\t<\/div>\n\t\t<div class=\"desc\">\n\t\t<h5 class=\"name\">Espresso Con Panna<\/h5>\n\t\t\t\t<div class=\"subname\">\n\t\t\t\u00dczerine krema eklenmi\u015f tek bir shot espresso<br \/>\r\n\t\t<\/div>\n\t\t\t\t\t\t<div class=\"price\">\n\t\t\t<span>TL125<\/span>\n\t\t<\/div>\n\t\t\t<\/div>\n<\/div>\n<!-- menu item end -->\n\n\n<!-- menu item -->\n<div class=\"kf-menu-item-2 element-anim-1 scroll-animate\" data-animate=\"active\">\n\t\t<div class=\"image kf-image-hover\">\n\t\t<a href=\"https:\/\/www.hookahtalyacafe.com\/wp-content\/uploads\/2022\/03\/grid_gal2.jpg\" data-elementor-open-lightbox=\"yes\" data-elementor-lightbox-title=\"Filter Coffee\"><img decoding=\"async\" src=\"https:\/\/www.hookahtalyacafe.com\/wp-content\/uploads\/2022\/03\/grid_gal2.jpg\" alt=\"Filtre kahve\" \/><\/a>\n\t<\/div>\n\t\t<div class=\"desc\">\n\t\t<h5 class=\"name\">Filtre kahve<\/h5>\n\t\t\t\t<div class=\"subname\">\n\t\t\tFiltre kahve \t\t<\/div>\n\t\t\t\t\t\t<div class=\"price\">\n\t\t\t<span>TL150<\/span>\n\t\t<\/div>\n\t\t\t<\/div>\n<\/div>\n<!-- menu item end -->\n\n\n<!-- menu item -->\n<div class=\"kf-menu-item-2 element-anim-1 scroll-animate\" data-animate=\"active\">\n\t\t<div class=\"image kf-image-hover\">\n\t\t<a href=\"https:\/\/www.hookahtalyacafe.com\/wp-content\/uploads\/2023\/09\/Flat-White-HookahTaya-Cafe-Lara-Antalya.webp\" data-elementor-open-lightbox=\"yes\" data-elementor-lightbox-title=\"Flat White\"><img decoding=\"async\" src=\"https:\/\/www.hookahtalyacafe.com\/wp-content\/uploads\/2023\/09\/Flat-White-HookahTaya-Cafe-Lara-Antalya.webp\" alt=\"Flat beyaz\" \/><\/a>\n\t<\/div>\n\t\t<div class=\"desc\">\n\t\t<h5 class=\"name\">Flat beyaz<\/h5>\n\t\t\t\t<div class=\"subname\">\n\t\t\tTek shot espresso, buharla \u0131s\u0131t\u0131lm\u0131\u015f s\u00fct.\t\t<\/div>\n\t\t\t\t\t\t<div class=\"price\">\n\t\t\t<span>TL170<\/span>\n\t\t<\/div>\n\t\t\t<\/div>\n<\/div>\n<!-- menu item end -->\n\n\n<!-- menu item -->\n<div class=\"kf-menu-item-2 element-anim-1 scroll-animate\" data-animate=\"active\">\n\t\t<div class=\"image kf-image-hover\">\n\t\t<a href=\"https:\/\/www.hookahtalyacafe.com\/wp-content\/uploads\/2023\/09\/Honey-Vanilla-Latte-HookahTaya-Cafe-Lara-Antalya.webp\" data-elementor-open-lightbox=\"yes\" data-elementor-lightbox-title=\"Honey Vanilla Latte\"><img decoding=\"async\" src=\"https:\/\/www.hookahtalyacafe.com\/wp-content\/uploads\/2023\/09\/Honey-Vanilla-Latte-HookahTaya-Cafe-Lara-Antalya.webp\" alt=\"Ball\u0131 Vanilyal\u0131 Latte\" \/><\/a>\n\t<\/div>\n\t\t<div class=\"desc\">\n\t\t<h5 class=\"name\">Ball\u0131 Vanilyal\u0131 Latte<\/h5>\n\t\t\t\t<div class=\"subname\">\n\t\t\tTek shot espresso, bal, vanilya, buharla \u0131s\u0131t\u0131lm\u0131\u015f s\u00fct ve k\u00f6p\u00fckle s\u00fcslenmi\u015f.\t\t<\/div>\n\t\t\t\t\t\t<div class=\"price\">\n\t\t\t<span>TL200<\/span>\n\t\t<\/div>\n\t\t\t<\/div>\n<\/div>\n<!-- menu item end -->\n\n\n<!-- menu item -->\n<div class=\"kf-menu-item-2 element-anim-1 scroll-animate\" data-animate=\"active\">\n\t\t<div class=\"image kf-image-hover\">\n\t\t<a href=\"https:\/\/www.hookahtalyacafe.com\/wp-content\/uploads\/2023\/09\/Hot-Chocolate-Hookahtaly-Cafe-1920x1931.webp\" data-elementor-open-lightbox=\"yes\" data-elementor-lightbox-title=\"Hot Chocolate\"><img decoding=\"async\" src=\"https:\/\/www.hookahtalyacafe.com\/wp-content\/uploads\/2023\/09\/Hot-Chocolate-Hookahtaly-Cafe.webp\" alt=\"S\u0131cak \u00e7ikolata\" \/><\/a>\n\t<\/div>\n\t\t<div class=\"desc\">\n\t\t<h5 class=\"name\">S\u0131cak \u00e7ikolata<\/h5>\n\t\t\t\t<div class=\"subname\">\n\t\t\t\u00c7ikolata, buharla \u0131s\u0131t\u0131lm\u0131\u015f s\u00fct, marshmallow ile s\u00fcslenmi\u015f.\t\t<\/div>\n\t\t\t\t\t\t<div class=\"price\">\n\t\t\t<span>TL180<\/span>\n\t\t<\/div>\n\t\t\t<\/div>\n<\/div>\n<!-- menu item end -->\n\n\n<!-- menu item -->\n<div class=\"kf-menu-item-2 element-anim-1 scroll-animate\" data-animate=\"active\">\n\t\t<div class=\"image kf-image-hover\">\n\t\t<a href=\"https:\/\/www.hookahtalyacafe.com\/wp-content\/uploads\/2023\/09\/Minted-mocha.webp\" data-elementor-open-lightbox=\"yes\" data-elementor-lightbox-title=\"Minted Mocha\"><img decoding=\"async\" src=\"https:\/\/www.hookahtalyacafe.com\/wp-content\/uploads\/2023\/09\/Minted-mocha.webp\" alt=\"Naneli Mocha\" \/><\/a>\n\t<\/div>\n\t\t<div class=\"desc\">\n\t\t<h5 class=\"name\">Naneli Mocha<\/h5>\n\t\t\t\t<div class=\"subname\">\n\t\t\tTek shot espresso, \u00e7ikolata sosu, k\u00f6p\u00fckl\u00fc buharl\u0131 s\u00fct\t\t<\/div>\n\t\t\t\t\t\t<div class=\"price\">\n\t\t\t<span>TL200<\/span>\n\t\t<\/div>\n\t\t\t<\/div>\n<\/div>\n<!-- menu item end -->\n\n\n<!-- menu item -->\n<div class=\"kf-menu-item-2 element-anim-1 scroll-animate\" data-animate=\"active\">\n\t\t<div class=\"image kf-image-hover\">\n\t\t<a href=\"https:\/\/www.hookahtalyacafe.com\/wp-content\/uploads\/2023\/09\/latte-coffee_785660-4189.webp\" data-elementor-open-lightbox=\"yes\" data-elementor-lightbox-title=\"Ristretto\"><img decoding=\"async\" src=\"https:\/\/www.hookahtalyacafe.com\/wp-content\/uploads\/2023\/09\/latte-coffee_785660-4189.webp\" alt=\"Ristretto\" \/><\/a>\n\t<\/div>\n\t\t<div class=\"desc\">\n\t\t<h5 class=\"name\">Ristretto<\/h5>\n\t\t\t\t<div class=\"subname\">\n\t\t\tKonsantre ve yo\u011fun bir shot espresso\t\t<\/div>\n\t\t\t\t\t\t<div class=\"price\">\n\t\t\t<span>TL120<\/span>\n\t\t<\/div>\n\t\t\t<\/div>\n<\/div>\n<!-- menu item end -->\n\n\n<!-- menu item -->\n<div class=\"kf-menu-item-2 element-anim-1 scroll-animate\" data-animate=\"active\">\n\t\t<div class=\"image kf-image-hover\">\n\t\t<a href=\"https:\/\/www.hookahtalyacafe.com\/wp-content\/uploads\/2023\/09\/rose-latte.webp\" data-elementor-open-lightbox=\"yes\" data-elementor-lightbox-title=\"Rose Latte\"><img decoding=\"async\" src=\"https:\/\/www.hookahtalyacafe.com\/wp-content\/uploads\/2023\/09\/rose-latte.webp\" alt=\"G\u00fcl Latte\" \/><\/a>\n\t<\/div>\n\t\t<div class=\"desc\">\n\t\t<h5 class=\"name\">G\u00fcl Latte<\/h5>\n\t\t\t\t<div class=\"subname\">\n\t\t\tTek shot espresso, vanilya \u015furubu, g\u00fcl \u015furubu ve k\u00f6p\u00fcrt\u00fclm\u00fc\u015f s\u00fct.\t\t<\/div>\n\t\t\t\t\t\t<div class=\"price\">\n\t\t\t<span>TL190<\/span>\n\t\t<\/div>\n\t\t\t<\/div>\n<\/div>\n<!-- menu item end -->\n\n\n<!-- menu item -->\n<div class=\"kf-menu-item-2 element-anim-1 scroll-animate\" data-animate=\"active\">\n\t\t<div class=\"image kf-image-hover\">\n\t\t<a href=\"https:\/\/www.hookahtalyacafe.com\/wp-content\/uploads\/2023\/09\/SALTED-CARAMEL-LATTE-HookahTaya-Cafe-Lara-Antalya.webp\" data-elementor-open-lightbox=\"yes\" data-elementor-lightbox-title=\"Salted Caramel Latte\"><img decoding=\"async\" src=\"https:\/\/www.hookahtalyacafe.com\/wp-content\/uploads\/2023\/09\/SALTED-CARAMEL-LATTE-HookahTaya-Cafe-Lara-Antalya.webp\" alt=\"Tuzlu Karamelli Latte\" \/><\/a>\n\t<\/div>\n\t\t<div class=\"desc\">\n\t\t<h5 class=\"name\">Tuzlu Karamelli Latte<\/h5>\n\t\t\t\t<div class=\"subname\">\n\t\t\tTek shot espresso, tuzlu karamel, buharla \u0131s\u0131t\u0131lm\u0131\u015f s\u00fct ve k\u00f6p\u00fck\t\t<\/div>\n\t\t\t\t\t\t<div class=\"price\">\n\t\t\t<span>TL190<\/span>\n\t\t<\/div>\n\t\t\t<\/div>\n<\/div>\n<!-- menu item end -->\n\n\n<!-- menu item -->\n<div class=\"kf-menu-item-2 element-anim-1 scroll-animate\" data-animate=\"active\">\n\t\t<div class=\"image kf-image-hover\">\n\t\t<a href=\"https:\/\/www.hookahtalyacafe.com\/wp-content\/uploads\/2023\/09\/TURKISH-COFFEE-HookahTaya-Cafe-Lara-Antalya.webp\" data-elementor-open-lightbox=\"yes\" data-elementor-lightbox-title=\"Turkish Coffee\"><img decoding=\"async\" src=\"https:\/\/www.hookahtalyacafe.com\/wp-content\/uploads\/2023\/09\/TURKISH-COFFEE-HookahTaya-Cafe-Lara-Antalya.webp\" alt=\"T\u00fcrk kahvesi\" \/><\/a>\n\t<\/div>\n\t\t<div class=\"desc\">\n\t\t<h5 class=\"name\">T\u00fcrk kahvesi<\/h5>\n\t\t\t\t<div class=\"subname\">\n\t\t\tA traditional and intense coffee experience, prepared with finely ground coffee.\t\t<\/div>\n\t\t\t\t\t\t<div class=\"price\">\n\t\t\t<span>TL140<\/span>\n\t\t<\/div>\n\t\t\t<\/div>\n<\/div>\n<!-- menu item end -->\n\t\t<\/div>\n\n\t\t\n\t\t\t\t\t\t<\/div>\n\t\t\t\t<\/div>\n\t\t\t\t\t<\/div>\n\t\t<\/div>\n\t\t\t\t<div class=\"elementor-column elementor-col-50 elementor-inner-column elementor-element elementor-element-328760f\" data-id=\"328760f\" data-element_type=\"column\" data-e-type=\"column\">\n\t\t\t<div class=\"elementor-widget-wrap elementor-element-populated\">\n\t\t\t\t\t\t<div class=\"elementor-element elementor-element-8ab943d elementor-widget elementor-widget-kaffen-restaurant-menu-image\" data-id=\"8ab943d\" data-element_type=\"widget\" data-e-type=\"widget\" data-widget_type=\"kaffen-restaurant-menu-image.default\">\n\t\t\t\t<div class=\"elementor-widget-container\">\n\t\t\t\t\t\n\t\t    <div class=\"kf-menu-image-2 right element-anim-1 scroll-animate\" data-animate=\"active\" style=\"background-image: url('https:\/\/www.hookahtalyacafe.com\/wp-content\/uploads\/2023\/08\/Hot-Coffee-2HookahTaya-Cafe-Lara-Antalya.webp');\"><\/div>\n    \n\t\t\t\t\t\t<\/div>\n\t\t\t\t<\/div>\n\t\t\t\t\t<\/div>\n\t\t<\/div>\n\t\t\t\t\t<\/div>\n\t\t<\/section>\n\t\t\t\t\t<\/div>\n\t\t<\/div>\n\t\t\t\t\t<\/div>\n\t\t<\/section>\n\t\t\t\t<section class=\"elementor-section elementor-top-section elementor-element elementor-element-0ae73c3 elementor-section-full_width elementor-section-height-default elementor-section-height-default\" data-id=\"0ae73c3\" data-element_type=\"section\" data-e-type=\"section\">\n\t\t\t\t\t\t<div class=\"elementor-container elementor-column-gap-no\">\n\t\t\t\t\t<div class=\"elementor-column elementor-col-100 elementor-top-column elementor-element elementor-element-4439159\" data-id=\"4439159\" data-element_type=\"column\" data-e-type=\"column\">\n\t\t\t<div class=\"elementor-widget-wrap elementor-element-populated\">\n\t\t\t\t\t\t<div class=\"elementor-element elementor-element-36e6341 elementor-widget elementor-widget-kaffen-instagram-carousel\" data-id=\"36e6341\" data-element_type=\"widget\" data-e-type=\"widget\" data-widget_type=\"kaffen-instagram-carousel.default\">\n\t\t\t\t<div class=\"elementor-widget-container\">\n\t\t\t\t\t\n\t\t<!-- Section Insta Carousel -->\n\t\t<section class=\"section kf-insta-carousel element-anim-1 scroll-animate\" data-animate=\"active\">\n\t\t\t<div class=\"container\">\n\t\t\t\t<div class=\"swiper-container\">\n\n\t\t\t\t\t<div class=\"swiper-wrapper\">\n\t\t\t\t\t\t\t\t\t\t\t\t\t\t\t\t\t\t\t\t\t\t\t\t<div class=\"swiper-slide\">\n\t\t\t\t\t\t\t<div class=\"slide-item\">\n\t\t\t\t\t\t\t\t<div class=\"image kf-image-hover\">\n\t\t\t\t\t\t\t\t\t\t\t\t\t\t\t\t\t\t<a href=\"https:\/\/www.instagram.com\/p\/CzCCrnjIrvY\/\" target=\"_blank\" rel=\"noopener\">\n\t\t\t\t\t\t\t\t\t\t<img decoding=\"async\" src=\"https:\/\/www.hookahtalyacafe.com\/wp-content\/uploads\/2023\/09\/Osmanliye.webp\" alt=\"Item #2\" \/>\n\t\t\t\t\t\t\t\t\t\t<i class=\"fab fa-instagram\"><\/i>\n\t\t\t\t\t\t\t\t\t<\/a>\n\t\t\t\t\t\t\t\t\t\t\t\t\t\t\t\t\t<\/div>\n\t\t\t\t\t\t\t<\/div>\n\t\t\t\t\t\t<\/div>\n\t\t\t\t\t\t\t\t\t\t\t\t<div class=\"swiper-slide\">\n\t\t\t\t\t\t\t<div class=\"slide-item\">\n\t\t\t\t\t\t\t\t<div class=\"image kf-image-hover\">\n\t\t\t\t\t\t\t\t\t\t\t\t\t\t\t\t\t\t<a href=\"https:\/\/www.instagram.com\/p\/CzhOMcttmNS\/\" target=\"_blank\" rel=\"noopener\">\n\t\t\t\t\t\t\t\t\t\t<img decoding=\"async\" src=\"https:\/\/www.hookahtalyacafe.com\/wp-content\/uploads\/2023\/11\/Cookies.webp\" alt=\"Item #1\" \/>\n\t\t\t\t\t\t\t\t\t\t<i class=\"fab fa-instagram\"><\/i>\n\t\t\t\t\t\t\t\t\t<\/a>\n\t\t\t\t\t\t\t\t\t\t\t\t\t\t\t\t\t<\/div>\n\t\t\t\t\t\t\t<\/div>\n\t\t\t\t\t\t<\/div>\n\t\t\t\t\t\t\t\t\t\t\t\t\t\t\t\t\t\t\t\t\t\t\t<\/div>\n\t\t\t\t<\/div>\n\t\t\t<\/div>\n\t\t<\/section>\n\n\t\t\t\t\t\t<\/div>\n\t\t\t\t<\/div>\n\t\t\t\t\t<\/div>\n\t\t<\/div>\n\t\t\t\t\t<\/div>\n\t\t<\/section>\n\t\t\t\t<\/div>","protected":false},"excerpt":{"rendered":"<p>Home Ana men\u00fcye d\u00f6n Americano \u00c7ift shot espresso ve s\u0131cak su. TL60 Caffe Latte A single shot of espresso, steamed milk topped with foam. TL60 Caffe Macchiato A single shot of espresso toped with foam. TL55 Caffe Mocha A single shot of espresso, chocolate\u2026 <\/p>\n<div class=\"readmore\"><a href=\"https:\/\/www.hookahtalyacafe.com\/tr\/restaurant\/item\/turkish-coffee\/\" class=\"kf-btn-link\"><span>Read more<\/span> <i class=\"fas fa-chevron-right\"><\/i><\/a><\/div>","protected":false},"author":2,"featured_media":0,"parent":0,"menu_order":0,"comment_status":"closed","ping_status":"closed","template":"template-layout-builder.php","meta":{"_acf_changed":false,"footnotes":""},"class_list":["post-659","page","type-page","status-publish","hentry"],"acf":[],"_links":{"self":[{"href":"https:\/\/www.hookahtalyacafe.com\/tr\/wp-json\/wp\/v2\/pages\/659","targetHints":{"allow":["GET"]}}],"collection":[{"href":"https:\/\/www.hookahtalyacafe.com\/tr\/wp-json\/wp\/v2\/pages"}],"about":[{"href":"https:\/\/www.hookahtalyacafe.com\/tr\/wp-json\/wp\/v2\/types\/page"}],"author":[{"embeddable":true,"href":"https:\/\/www.hookahtalyacafe.com\/tr\/wp-json\/wp\/v2\/users\/2"}],"replies":[{"embeddable":true,"href":"https:\/\/www.hookahtalyacafe.com\/tr\/wp-json\/wp\/v2\/comments?post=659"}],"version-history":[{"count":0,"href":"https:\/\/www.hookahtalyacafe.com\/tr\/wp-json\/wp\/v2\/pages\/659\/revisions"}],"wp:attachment":[{"href":"https:\/\/www.hookahtalyacafe.com\/tr\/wp-json\/wp\/v2\/media?parent=659"}],"curies":[{"name":"wp","href":"https:\/\/api.w.org\/{rel}","templated":true}]}}