{"id":4241,"date":"2024-12-20T15:39:19","date_gmt":"2024-12-20T15:39:19","guid":{"rendered":"https:\/\/www.hookahtalyacafe.com\/?page_id=4241"},"modified":"2025-03-21T19:18:11","modified_gmt":"2025-03-21T19:18:11","slug":"pizzas","status":"publish","type":"page","link":"https:\/\/www.hookahtalyacafe.com\/tr\/pizzas\/","title":{"rendered":"Pizzas"},"content":{"rendered":"<div data-elementor-type=\"wp-page\" data-elementor-id=\"4241\" class=\"elementor elementor-4241\" data-elementor-post-type=\"page\">\n\t\t\t\t\t\t<section class=\"elementor-section elementor-top-section elementor-element elementor-element-2bd7196a elementor-section-full_width elementor-section-stretched elementor-section-height-default elementor-section-height-default\" data-id=\"2bd7196a\" data-element_type=\"section\" data-e-type=\"section\" data-settings=\"{&quot;stretch_section&quot;:&quot;section-stretched&quot;}\">\n\t\t\t\t\t\t<div class=\"elementor-container elementor-column-gap-default\">\n\t\t\t\t\t<div class=\"elementor-column elementor-col-100 elementor-top-column elementor-element elementor-element-6ed759b\" data-id=\"6ed759b\" data-element_type=\"column\" data-e-type=\"column\">\n\t\t\t<div class=\"elementor-widget-wrap elementor-element-populated\">\n\t\t\t\t\t\t<div class=\"elementor-element elementor-element-7518c18a elementor-widget elementor-widget-kaffen-started\" data-id=\"7518c18a\" data-element_type=\"widget\" data-e-type=\"widget\" data-widget_type=\"kaffen-started.default\">\n\t\t\t\t<div class=\"elementor-widget-container\">\n\t\t\t\t\t\n    <!-- Section Started Inner -->\n    <section class=\"section kf-started-inner\">\n      <div class=\"kf-parallax-bg js-parallax\" style=\"background-image: url('https:\/\/www.hookahtalyacafe.com\/wp-content\/uploads\/2024\/12\/Quick-and-Easy-Pepperoni-Pizza-700x700-1.jpeg');\"><\/div>\n\t  <div class=\"container\">\n                <h1 class=\"kf-h-title text-anim-1 scroll-animate\" data-splitting=\"chars\" data-animate=\"active\">\n          <span >\n            Pizzas           <\/span>\n        <\/h1>\n        \n\t\t\t\t<ul class=\"kf-breadcrumbs\"><li><a href=\"https:\/\/www.hookahtalyacafe.com\/tr\" title=\"HookahTalya Cafe\">Home<\/a><\/li><li class=\"tst-active\"><a><\/a><\/li><\/ul>      <\/div>\n    <\/section>\n\n\t\t\t\t\t\t<\/div>\n\t\t\t\t<\/div>\n\t\t\t\t\t<\/div>\n\t\t<\/div>\n\t\t\t\t\t<\/div>\n\t\t<\/section>\n\t\t\t\t<section class=\"elementor-section elementor-top-section elementor-element elementor-element-1eb2e63c elementor-section-boxed elementor-section-height-default elementor-section-height-default\" data-id=\"1eb2e63c\" data-element_type=\"section\" data-e-type=\"section\">\n\t\t\t\t\t\t<div class=\"elementor-container elementor-column-gap-no\">\n\t\t\t\t\t<div class=\"elementor-column elementor-col-100 elementor-top-column elementor-element elementor-element-3feb1164\" data-id=\"3feb1164\" data-element_type=\"column\" data-e-type=\"column\">\n\t\t\t<div class=\"elementor-widget-wrap elementor-element-populated\">\n\t\t\t\t\t\t<div class=\"elementor-element elementor-element-3821fa80 elementor-widget__width-initial elementor-widget elementor-widget-kaffen-heading\" data-id=\"3821fa80\" data-element_type=\"widget\" data-e-type=\"widget\" data-widget_type=\"kaffen-heading.default\">\n\t\t\t\t<div class=\"elementor-widget-container\">\n\t\t\t\t\t\n        <div class=\"kf-titles align-center\">\n            <div class=\"kf-subtitle element-anim-1 scroll-animate\" data-animate=\"active\">\n        <span >\n          Men\u00fcs\u00fc        <\/span>\n      <\/div>\n                  <h3 class=\"kf-title element-anim-1 scroll-animate\" data-animate=\"active\">\n        <span >\n          Enjoy Our Pizza        <\/span>\n      <\/h3>\n          <\/div>\n    \n\t\t\t\t\t\t<\/div>\n\t\t\t\t<\/div>\n\t\t\t\t<section class=\"elementor-section elementor-inner-section elementor-element elementor-element-10465f13 elementor-section-full_width elementor-section-height-default elementor-section-height-default\" data-id=\"10465f13\" data-element_type=\"section\" data-e-type=\"section\">\n\t\t\t\t\t\t<div class=\"elementor-container elementor-column-gap-no\">\n\t\t\t\t\t<div class=\"elementor-column elementor-col-100 elementor-inner-column elementor-element elementor-element-6ac7d18b\" data-id=\"6ac7d18b\" data-element_type=\"column\" data-e-type=\"column\">\n\t\t\t<div class=\"elementor-widget-wrap elementor-element-populated\">\n\t\t\t\t\t\t<div class=\"elementor-element elementor-element-3d57983b elementor-widget elementor-widget-kaffen-restaurant-menu-list\" data-id=\"3d57983b\" data-element_type=\"widget\" data-e-type=\"widget\" data-widget_type=\"kaffen-restaurant-menu-list.default\">\n\t\t\t\t<div class=\"elementor-widget-container\">\n\t\t\t\t\t\n\t\t\t\t<div class=\"kf-menu-items-2\">\n\t\t\t\n\n<!-- menu item -->\n<div class=\"kf-menu-item-2 element-anim-1 scroll-animate\" data-animate=\"active\">\n\t\t<div class=\"image kf-image-hover\">\n\t\t<a href=\"https:\/\/www.hookahtalyacafe.com\/wp-content\/uploads\/2025\/03\/barbeku-soslu-tavuklu.jpg\" data-elementor-open-lightbox=\"yes\" data-elementor-lightbox-title=\"Tavuklu BBQ Pizza\"><img decoding=\"async\" src=\"https:\/\/www.hookahtalyacafe.com\/wp-content\/uploads\/2025\/03\/barbeku-soslu-tavuklu.jpg\" alt=\"Tavuklu BBQ Pizza\" \/><\/a>\n\t<\/div>\n\t\t<div class=\"desc\">\n\t\t<h5 class=\"name\">Tavuklu BBQ Pizza<\/h5>\n\t\t\t\t<div class=\"subname\">\n\t\t\tBarbeku soslu tavuklu\t\t<\/div>\n\t\t\t\t\t\t<div class=\"price\">\n\t\t\t<span>TL350<\/span>\n\t\t<\/div>\n\t\t\t<\/div>\n<\/div>\n<!-- menu item end -->\n\n\n<!-- menu item -->\n<div class=\"kf-menu-item-2 element-anim-1 scroll-animate\" data-animate=\"active\">\n\t\t<div class=\"image kf-image-hover\">\n\t\t<a href=\"https:\/\/www.hookahtalyacafe.com\/wp-content\/uploads\/2025\/01\/Tavuklu-pizza-1.webp\" data-elementor-open-lightbox=\"yes\" data-elementor-lightbox-title=\"Tavuklu Pizza\"><img decoding=\"async\" src=\"https:\/\/www.hookahtalyacafe.com\/wp-content\/uploads\/2025\/01\/Tavuklu-pizza-1.webp\" alt=\"Tavuklu Pizza\" \/><\/a>\n\t<\/div>\n\t\t<div class=\"desc\">\n\t\t<h5 class=\"name\">Tavuklu Pizza<\/h5>\n\t\t\t\t\t\t<div class=\"price\">\n\t\t\t<span>TL350<\/span>\n\t\t<\/div>\n\t\t\t<\/div>\n<\/div>\n<!-- menu item end -->\n\n\n<!-- menu item -->\n<div class=\"kf-menu-item-2 element-anim-1 scroll-animate\" data-animate=\"active\">\n\t\t<div class=\"image kf-image-hover\">\n\t\t<a href=\"https:\/\/www.hookahtalyacafe.com\/wp-content\/uploads\/2025\/01\/karisik.jpg\" data-elementor-open-lightbox=\"yes\" data-elementor-lightbox-title=\"Kar\u0131\u015f\u0131k Pizza\"><img decoding=\"async\" src=\"https:\/\/www.hookahtalyacafe.com\/wp-content\/uploads\/2025\/01\/karisik.jpg\" alt=\"Kar\u0131\u015f\u0131k Pizza\" \/><\/a>\n\t<\/div>\n\t\t<div class=\"desc\">\n\t\t<h5 class=\"name\">Kar\u0131\u015f\u0131k Pizza<\/h5>\n\t\t\t\t\t\t<div class=\"price\">\n\t\t\t<span>TL350<\/span>\n\t\t<\/div>\n\t\t\t<\/div>\n<\/div>\n<!-- menu item end -->\n\n\n<!-- menu item -->\n<div class=\"kf-menu-item-2 element-anim-1 scroll-animate\" data-animate=\"active\">\n\t\t<div class=\"image kf-image-hover\">\n\t\t<a href=\"https:\/\/www.hookahtalyacafe.com\/wp-content\/uploads\/2024\/12\/Margarita-pizza.jpg\" data-elementor-open-lightbox=\"yes\" data-elementor-lightbox-title=\"Margarita Pizza\"><img decoding=\"async\" src=\"https:\/\/www.hookahtalyacafe.com\/wp-content\/uploads\/2024\/12\/Margarita-pizza.jpg\" alt=\"Margarita Pizza\" \/><\/a>\n\t<\/div>\n\t\t<div class=\"desc\">\n\t\t<h5 class=\"name\">Margarita Pizza<\/h5>\n\t\t\t\t\t\t<div class=\"price\">\n\t\t\t<span>TL330<\/span>\n\t\t<\/div>\n\t\t\t<\/div>\n<\/div>\n<!-- menu item end -->\n\n\n<!-- menu item -->\n<div class=\"kf-menu-item-2 element-anim-1 scroll-animate\" data-animate=\"active\">\n\t\t<div class=\"image kf-image-hover\">\n\t\t<a href=\"https:\/\/www.hookahtalyacafe.com\/wp-content\/uploads\/2024\/12\/Quick-and-Easy-Pepperoni-Pizza-700x700-1.jpeg\" data-elementor-open-lightbox=\"yes\" data-elementor-lightbox-title=\"Pepperoni Pizza\"><img decoding=\"async\" src=\"https:\/\/www.hookahtalyacafe.com\/wp-content\/uploads\/2024\/12\/Quick-and-Easy-Pepperoni-Pizza-700x700-1.jpeg\" alt=\"Pepperoni Pizza\" \/><\/a>\n\t<\/div>\n\t\t<div class=\"desc\">\n\t\t<h5 class=\"name\">Pepperoni Pizza<\/h5>\n\t\t\t\t\t\t<div class=\"price\">\n\t\t\t<span>TL350<\/span>\n\t\t<\/div>\n\t\t\t<\/div>\n<\/div>\n<!-- menu item end -->\n\t\t<\/div>\n\n\t\t\n\t\t\t\t\t\t<\/div>\n\t\t\t\t<\/div>\n\t\t\t\t\t<\/div>\n\t\t<\/div>\n\t\t\t\t\t<\/div>\n\t\t<\/section>\n\t\t\t\t\t<\/div>\n\t\t<\/div>\n\t\t\t\t\t<\/div>\n\t\t<\/section>\n\t\t\t\t<section class=\"elementor-section elementor-top-section elementor-element elementor-element-4df75465 elementor-section-full_width elementor-section-height-default elementor-section-height-default\" data-id=\"4df75465\" data-element_type=\"section\" data-e-type=\"section\">\n\t\t\t\t\t\t<div class=\"elementor-container elementor-column-gap-no\">\n\t\t\t\t\t<div class=\"elementor-column elementor-col-100 elementor-top-column elementor-element elementor-element-1a81ea19\" data-id=\"1a81ea19\" data-element_type=\"column\" data-e-type=\"column\">\n\t\t\t<div class=\"elementor-widget-wrap elementor-element-populated\">\n\t\t\t\t\t\t<div class=\"elementor-element elementor-element-29799992 elementor-widget elementor-widget-kaffen-cta\" data-id=\"29799992\" data-element_type=\"widget\" data-e-type=\"widget\" data-widget_type=\"kaffen-cta.default\">\n\t\t\t\t<div class=\"elementor-widget-container\">\n\t\t\t\t\t\n\t\t<!-- Section CTA -->\n\t\t<section class=\"section kf-cta kf-parallax\" style=\"background-image: url('https:\/\/bslthemes.com\/import\/kaffen\/01\/uploads\/2022\/04\/menu_coffee_inner_bg.jpg');\">\n\t\t\t<div class=\"container\">\n\n\t\t\t\t<div class=\"row\">\n\t\t\t\t\t<div class=\"col-xs-12 col-sm-12 col-md-12 col-lg-8\">\n\t\t\t\t\t\t\t\t\t\t\t\t<div class=\"kf-titles\">\n\t\t\t\t\t\t\t\t\t\t\t\t\t\t<div class=\"kf-subtitle element-anim-1 scroll-animate\" data-animate=\"active\">\n\t\t\t\t\t\t\t\t<span >\n                  <a class=\"elementor-button elementor-button-link elementor-size-sm\" href=\"https:\/\/www.hookahtalyacafe.com\/tr\/\" style=\"--tw-border-spacing-x: 0;--tw-border-spacing-y: 0;--tw-translate-x: 0;--tw-translate-y: 0;--tw-rotate: 0;--tw-skew-x: 0;--tw-skew-y: 0;--tw-scale-x: 1;--tw-scale-y: 1;--tw-pan-x:;--tw-pan-y:;--tw-pinch-zoom:;--tw-scroll-snap-strictness: proximity;--tw-gradient-from-position:;--tw-gradient-via-position:;--tw-gradient-to-position:;--tw-ordinal:;--tw-slashed-zero:;--tw-numeric-figure:;--tw-numeric-spacing:;--tw-numeric-fraction:;--tw-ring-inset:;--tw-ring-offset-width: 0px;--tw-ring-offset-color: #fff;--tw-ring-offset-shadow: 0 0 #0000;--tw-ring-shadow: 0 0 #0000;--tw-shadow: 0 0 #0000;--tw-shadow-colored: 0 0 #0000;--tw-blur:;--tw-brightness:;--tw-contrast:;--tw-grayscale:;--tw-hue-rotate:;--tw-invert:;--tw-saturate:;--tw-sepia:;--tw-drop-shadow:;--tw-backdrop-blur:;--tw-backdrop-brightness:;--tw-backdrop-contrast:;--tw-backdrop-grayscale:;--tw-backdrop-hue-rotate:;--tw-backdrop-invert:;--tw-backdrop-opacity:;--tw-backdrop-saturate:;--tw-backdrop-sepia:;letter-spacing: normal;text-transform: none\"><span class=\"elementor-button-content-wrapper\" style=\"--tw-border-spacing-x: 0;--tw-border-spacing-y: 0;--tw-translate-x: 0;--tw-translate-y: 0;--tw-rotate: 0;--tw-skew-x: 0;--tw-skew-y: 0;--tw-scale-x: 1;--tw-scale-y: 1;--tw-pan-x:;--tw-pan-y:;--tw-pinch-zoom:;--tw-scroll-snap-strictness: proximity;--tw-gradient-from-position:;--tw-gradient-via-position:;--tw-gradient-to-position:;--tw-ordinal:;--tw-slashed-zero:;--tw-numeric-figure:;--tw-numeric-spacing:;--tw-numeric-fraction:;--tw-ring-inset:;--tw-ring-offset-width: 0px;--tw-ring-offset-color: #fff;--tw-ring-offset-shadow: 0 0 #0000;--tw-ring-shadow: 0 0 #0000;--tw-shadow: 0 0 #0000;--tw-shadow-colored: 0 0 #0000;--tw-blur:;--tw-brightness:;--tw-contrast:;--tw-grayscale:;--tw-hue-rotate:;--tw-invert:;--tw-saturate:;--tw-sepia:;--tw-drop-shadow:;--tw-backdrop-blur:;--tw-backdrop-brightness:;--tw-backdrop-contrast:;--tw-backdrop-grayscale:;--tw-backdrop-hue-rotate:;--tw-backdrop-invert:;--tw-backdrop-opacity:;--tw-backdrop-saturate:;--tw-backdrop-sepia:\"><span class=\"elementor-button-text\" style=\"--tw-border-spacing-x: 0;--tw-border-spacing-y: 0;--tw-translate-x: 0;--tw-translate-y: 0;--tw-rotate: 0;--tw-skew-x: 0;--tw-skew-y: 0;--tw-scale-x: 1;--tw-scale-y: 1;--tw-pan-x:;--tw-pan-y:;--tw-pinch-zoom:;--tw-scroll-snap-strictness: proximity;--tw-gradient-from-position:;--tw-gradient-via-position:;--tw-gradient-to-position:;--tw-ordinal:;--tw-slashed-zero:;--tw-numeric-figure:;--tw-numeric-spacing:;--tw-numeric-fraction:;--tw-ring-inset:;--tw-ring-offset-width: 0px;--tw-ring-offset-color: #fff;--tw-ring-offset-shadow: 0 0 #0000;--tw-ring-shadow: 0 0 #0000;--tw-shadow: 0 0 #0000;--tw-shadow-colored: 0 0 #0000;--tw-blur:;--tw-brightness:;--tw-contrast:;--tw-grayscale:;--tw-hue-rotate:;--tw-invert:;--tw-saturate:;--tw-sepia:;--tw-drop-shadow:;--tw-backdrop-blur:;--tw-backdrop-brightness:;--tw-backdrop-contrast:;--tw-backdrop-grayscale:;--tw-backdrop-hue-rotate:;--tw-backdrop-invert:;--tw-backdrop-opacity:;--tw-backdrop-saturate:;--tw-backdrop-sepia:\">Ana men\u00fcye d\u00f6n<\/span><\/span><\/a>                <\/span>\n\t\t\t\t\t\t\t<\/div>\n\t\t\t\t\t\t\t\t\t\t\t\t\t\t\t\t\t\t\t\t\t<h3 class=\"kf-title element-anim-1 scroll-animate\" data-animate=\"active\">\n\t\t\t\t\t\t\t\t<span >\n                  HokkahTalya                 <\/span>\n\t\t\t\t\t\t\t<\/h3>\n\t\t\t\t\t\t\t\t\t\t\t\t\t<\/div>\n\t\t\t\t\t\t\t\t\t\t\t<\/div>\n\t\t\t\t\t<div class=\"col-xs-12 col-sm-12 col-md-12 col-lg-4 align-self-center align-right\">\n\t\t\t\t\t\t\t\t\t\t\t<\/div>\n\t\t\t\t<\/div>\n\n\t\t\t<\/div>\n\t\t<\/section>\n\n\t\t\t\t\t\t<\/div>\n\t\t\t\t<\/div>\n\t\t\t\t\t<\/div>\n\t\t<\/div>\n\t\t\t\t\t<\/div>\n\t\t<\/section>\n\t\t\t\t<\/div>","protected":false},"excerpt":{"rendered":"<p>Pizzas Home Menu Enjoy Our Pizza Tavuklu BBQ Pizza Barbeku soslu tavuklu TL300 Tavuklu Pizza TL270 Kar\u0131\u015f\u0131k Pizza TL270 Margarita Pizza TL220 Pepperoni Pizza TL250 Ana men\u00fcye d\u00f6n HokkahTalya<\/p>","protected":false},"author":3,"featured_media":0,"parent":0,"menu_order":0,"comment_status":"closed","ping_status":"closed","template":"","meta":{"_acf_changed":false,"footnotes":""},"class_list":["post-4241","page","type-page","status-publish","hentry"],"acf":[],"_links":{"self":[{"href":"https:\/\/www.hookahtalyacafe.com\/tr\/wp-json\/wp\/v2\/pages\/4241","targetHints":{"allow":["GET"]}}],"collection":[{"href":"https:\/\/www.hookahtalyacafe.com\/tr\/wp-json\/wp\/v2\/pages"}],"about":[{"href":"https:\/\/www.hookahtalyacafe.com\/tr\/wp-json\/wp\/v2\/types\/page"}],"author":[{"embeddable":true,"href":"https:\/\/www.hookahtalyacafe.com\/tr\/wp-json\/wp\/v2\/users\/3"}],"replies":[{"embeddable":true,"href":"https:\/\/www.hookahtalyacafe.com\/tr\/wp-json\/wp\/v2\/comments?post=4241"}],"version-history":[{"count":0,"href":"https:\/\/www.hookahtalyacafe.com\/tr\/wp-json\/wp\/v2\/pages\/4241\/revisions"}],"wp:attachment":[{"href":"https:\/\/www.hookahtalyacafe.com\/tr\/wp-json\/wp\/v2\/media?parent=4241"}],"curies":[{"name":"wp","href":"https:\/\/api.w.org\/{rel}","templated":true}]}}