{"id":3497,"date":"2023-10-22T10:15:42","date_gmt":"2023-10-22T10:15:42","guid":{"rendered":"https:\/\/www.hookahtalyacafe.com\/?page_id=3497"},"modified":"2025-02-07T15:48:51","modified_gmt":"2025-02-07T15:48:51","slug":"soft-drinks","status":"publish","type":"page","link":"https:\/\/www.hookahtalyacafe.com\/tr\/soft-drinks\/","title":{"rendered":"Gazl\u0131 \u0130\u00e7ecekler"},"content":{"rendered":"<div data-elementor-type=\"wp-page\" data-elementor-id=\"3497\" class=\"elementor elementor-3497\" data-elementor-post-type=\"page\">\n\t\t\t\t\t\t<section class=\"elementor-section elementor-top-section elementor-element elementor-element-72f4c25b elementor-section-full_width elementor-section-stretched elementor-section-height-default elementor-section-height-default\" data-id=\"72f4c25b\" data-element_type=\"section\" data-e-type=\"section\" data-settings=\"{&quot;stretch_section&quot;:&quot;section-stretched&quot;}\">\n\t\t\t\t\t\t<div class=\"elementor-container elementor-column-gap-default\">\n\t\t\t\t\t<div class=\"elementor-column elementor-col-100 elementor-top-column elementor-element elementor-element-49bbc6ab\" data-id=\"49bbc6ab\" data-element_type=\"column\" data-e-type=\"column\">\n\t\t\t<div class=\"elementor-widget-wrap\">\n\t\t\t\t\t\t\t<\/div>\n\t\t<\/div>\n\t\t\t\t\t<\/div>\n\t\t<\/section>\n\t\t\t\t<section class=\"elementor-section elementor-top-section elementor-element elementor-element-13363975 elementor-section-boxed elementor-section-height-default elementor-section-height-default\" data-id=\"13363975\" data-element_type=\"section\" data-e-type=\"section\">\n\t\t\t\t\t\t<div class=\"elementor-container elementor-column-gap-no\">\n\t\t\t\t\t<div class=\"elementor-column elementor-col-100 elementor-top-column elementor-element elementor-element-1006e4dc\" data-id=\"1006e4dc\" data-element_type=\"column\" data-e-type=\"column\">\n\t\t\t<div class=\"elementor-widget-wrap elementor-element-populated\">\n\t\t\t\t\t\t<div class=\"elementor-element elementor-element-4ff93530 elementor-widget__width-initial elementor-widget elementor-widget-kaffen-heading\" data-id=\"4ff93530\" data-element_type=\"widget\" data-e-type=\"widget\" data-widget_type=\"kaffen-heading.default\">\n\t\t\t\t<div class=\"elementor-widget-container\">\n\t\t\t\t\t\n        <div class=\"kf-titles align-center\">\n            <div class=\"kf-subtitle element-anim-1 scroll-animate\" data-animate=\"active\">\n        <span >\n          Men\u00fcs\u00fc        <\/span>\n      <\/div>\n                  <h3 class=\"kf-title element-anim-1 scroll-animate\" data-animate=\"active\">\n        <span >\n          Soda and Water        <\/span>\n      <\/h3>\n          <\/div>\n    \n\t\t\t\t\t\t<\/div>\n\t\t\t\t<\/div>\n\t\t\t\t<div class=\"elementor-element elementor-element-3512e8be elementor-widget elementor-widget-kaffen-started\" data-id=\"3512e8be\" data-element_type=\"widget\" data-e-type=\"widget\" data-widget_type=\"kaffen-started.default\">\n\t\t\t\t<div class=\"elementor-widget-container\">\n\t\t\t\t\t\n    <!-- Section Started Inner -->\n    <section class=\"section kf-started-inner\">\n      <div class=\"kf-parallax-bg js-parallax\" style=\"background-image: url('https:\/\/www.hookahtalyacafe.com\/wp-content\/uploads\/2023\/10\/HookahTalya-Soft-Drinks.webp');\"><\/div>\n\t  <div class=\"container\">\n        \n\t\t\t\t      <\/div>\n    <\/section>\n\n\t\t\t\t\t\t<\/div>\n\t\t\t\t<\/div>\n\t\t\t\t\t<\/div>\n\t\t<\/div>\n\t\t\t\t\t<\/div>\n\t\t<\/section>\n\t\t\t\t<section class=\"elementor-section elementor-top-section elementor-element elementor-element-30350a7a elementor-section-full_width elementor-section-height-default elementor-section-height-default\" data-id=\"30350a7a\" data-element_type=\"section\" data-e-type=\"section\">\n\t\t\t\t\t\t<div class=\"elementor-container elementor-column-gap-no\">\n\t\t\t\t\t<div class=\"elementor-column elementor-col-100 elementor-top-column elementor-element elementor-element-474f3818\" data-id=\"474f3818\" data-element_type=\"column\" data-e-type=\"column\">\n\t\t\t<div class=\"elementor-widget-wrap elementor-element-populated\">\n\t\t\t\t\t\t<div class=\"elementor-element elementor-element-7ed39471 elementor-widget elementor-widget-kaffen-restaurant-menu-list\" data-id=\"7ed39471\" data-element_type=\"widget\" data-e-type=\"widget\" data-widget_type=\"kaffen-restaurant-menu-list.default\">\n\t\t\t\t<div class=\"elementor-widget-container\">\n\t\t\t\t\t\n\t\t\t\t<div class=\"kf-menu-items-2\">\n\t\t\t\n\n<!-- menu item -->\n<div class=\"kf-menu-item-2 element-anim-1 scroll-animate\" data-animate=\"active\">\n\t\t<div class=\"desc\">\n\t\t<h5 class=\"name\">Energy Drink<\/h5>\n\t\t\t\t\t\t<div class=\"price\">\n\t\t\t<span>TL170<\/span>\n\t\t<\/div>\n\t\t\t<\/div>\n<\/div>\n<!-- menu item end -->\n\n\n<!-- menu item -->\n<div class=\"kf-menu-item-2 element-anim-1 scroll-animate\" data-animate=\"active\">\n\t\t<div class=\"desc\">\n\t\t<h5 class=\"name\">Sprite<\/h5>\n\t\t\t\t\t\t<div class=\"price\">\n\t\t\t<span>TL90<\/span>\n\t\t<\/div>\n\t\t\t<\/div>\n<\/div>\n<!-- menu item end -->\n\n\n<!-- menu item -->\n<div class=\"kf-menu-item-2 element-anim-1 scroll-animate\" data-animate=\"active\">\n\t\t<div class=\"desc\">\n\t\t<h5 class=\"name\">Fanta<\/h5>\n\t\t\t\t\t\t<div class=\"price\">\n\t\t\t<span>TL90<\/span>\n\t\t<\/div>\n\t\t\t<\/div>\n<\/div>\n<!-- menu item end -->\n\n\n<!-- menu item -->\n<div class=\"kf-menu-item-2 element-anim-1 scroll-animate\" data-animate=\"active\">\n\t\t<div class=\"desc\">\n\t\t<h5 class=\"name\">Coca Cola<\/h5>\n\t\t\t\t\t\t<div class=\"price\">\n\t\t\t<span>TL90<\/span>\n\t\t<\/div>\n\t\t\t<\/div>\n<\/div>\n<!-- menu item end -->\n\n\n<!-- menu item -->\n<div class=\"kf-menu-item-2 element-anim-1 scroll-animate\" data-animate=\"active\">\n\t\t<div class=\"desc\">\n\t\t<h5 class=\"name\">Maden suyu<\/h5>\n\t\t\t\t\t\t<div class=\"price\">\n\t\t\t<span>TL50<\/span>\n\t\t<\/div>\n\t\t\t<\/div>\n<\/div>\n<!-- menu item end -->\n\n\n<!-- menu item -->\n<div class=\"kf-menu-item-2 element-anim-1 scroll-animate\" data-animate=\"active\">\n\t\t<div class=\"desc\">\n\t\t<h5 class=\"name\">Su<\/h5>\n\t\t\t\t\t\t<div class=\"price\">\n\t\t\t<span>TL30<\/span>\n\t\t<\/div>\n\t\t\t<\/div>\n<\/div>\n<!-- menu item end -->\n\t\t<\/div>\n\n\t\t\n\t\t\t\t\t\t<\/div>\n\t\t\t\t<\/div>\n\t\t\t\t<div class=\"elementor-element elementor-element-48a42e32 elementor-widget elementor-widget-kaffen-cta\" data-id=\"48a42e32\" data-element_type=\"widget\" data-e-type=\"widget\" data-widget_type=\"kaffen-cta.default\">\n\t\t\t\t<div class=\"elementor-widget-container\">\n\t\t\t\t\t\n\t\t<!-- Section CTA -->\n\t\t<section class=\"section kf-cta kf-parallax\" style=\"background-image: url('https:\/\/bslthemes.com\/import\/kaffen\/01\/uploads\/2022\/04\/menu_coffee_inner_bg.jpg');\">\n\t\t\t<div class=\"container\">\n\n\t\t\t\t<div class=\"row\">\n\t\t\t\t\t<div class=\"col-xs-12 col-sm-12 col-md-12 col-lg-8\">\n\t\t\t\t\t\t\t\t\t\t\t\t<div class=\"kf-titles\">\n\t\t\t\t\t\t\t\t\t\t\t\t\t\t<div class=\"kf-subtitle element-anim-1 scroll-animate\" data-animate=\"active\">\n\t\t\t\t\t\t\t\t<span >\n                  <a class=\"elementor-button elementor-button-link elementor-size-sm\" href=\"https:\/\/www.hookahtalyacafe.com\/tr\/\" style=\"--tw-border-spacing-x: 0;--tw-border-spacing-y: 0;--tw-translate-x: 0;--tw-translate-y: 0;--tw-rotate: 0;--tw-skew-x: 0;--tw-skew-y: 0;--tw-scale-x: 1;--tw-scale-y: 1;--tw-pan-x:;--tw-pan-y:;--tw-pinch-zoom:;--tw-scroll-snap-strictness: proximity;--tw-gradient-from-position:;--tw-gradient-via-position:;--tw-gradient-to-position:;--tw-ordinal:;--tw-slashed-zero:;--tw-numeric-figure:;--tw-numeric-spacing:;--tw-numeric-fraction:;--tw-ring-inset:;--tw-ring-offset-width: 0px;--tw-ring-offset-color: #fff;--tw-ring-offset-shadow: 0 0 #0000;--tw-ring-shadow: 0 0 #0000;--tw-shadow: 0 0 #0000;--tw-shadow-colored: 0 0 #0000;--tw-blur:;--tw-brightness:;--tw-contrast:;--tw-grayscale:;--tw-hue-rotate:;--tw-invert:;--tw-saturate:;--tw-sepia:;--tw-drop-shadow:;--tw-backdrop-blur:;--tw-backdrop-brightness:;--tw-backdrop-contrast:;--tw-backdrop-grayscale:;--tw-backdrop-hue-rotate:;--tw-backdrop-invert:;--tw-backdrop-opacity:;--tw-backdrop-saturate:;--tw-backdrop-sepia:;letter-spacing: normal;text-transform: none\"><span class=\"elementor-button-content-wrapper\" style=\"--tw-border-spacing-x: 0;--tw-border-spacing-y: 0;--tw-translate-x: 0;--tw-translate-y: 0;--tw-rotate: 0;--tw-skew-x: 0;--tw-skew-y: 0;--tw-scale-x: 1;--tw-scale-y: 1;--tw-pan-x:;--tw-pan-y:;--tw-pinch-zoom:;--tw-scroll-snap-strictness: proximity;--tw-gradient-from-position:;--tw-gradient-via-position:;--tw-gradient-to-position:;--tw-ordinal:;--tw-slashed-zero:;--tw-numeric-figure:;--tw-numeric-spacing:;--tw-numeric-fraction:;--tw-ring-inset:;--tw-ring-offset-width: 0px;--tw-ring-offset-color: #fff;--tw-ring-offset-shadow: 0 0 #0000;--tw-ring-shadow: 0 0 #0000;--tw-shadow: 0 0 #0000;--tw-shadow-colored: 0 0 #0000;--tw-blur:;--tw-brightness:;--tw-contrast:;--tw-grayscale:;--tw-hue-rotate:;--tw-invert:;--tw-saturate:;--tw-sepia:;--tw-drop-shadow:;--tw-backdrop-blur:;--tw-backdrop-brightness:;--tw-backdrop-contrast:;--tw-backdrop-grayscale:;--tw-backdrop-hue-rotate:;--tw-backdrop-invert:;--tw-backdrop-opacity:;--tw-backdrop-saturate:;--tw-backdrop-sepia:\"><span class=\"elementor-button-text\" style=\"--tw-border-spacing-x: 0;--tw-border-spacing-y: 0;--tw-translate-x: 0;--tw-translate-y: 0;--tw-rotate: 0;--tw-skew-x: 0;--tw-skew-y: 0;--tw-scale-x: 1;--tw-scale-y: 1;--tw-pan-x:;--tw-pan-y:;--tw-pinch-zoom:;--tw-scroll-snap-strictness: proximity;--tw-gradient-from-position:;--tw-gradient-via-position:;--tw-gradient-to-position:;--tw-ordinal:;--tw-slashed-zero:;--tw-numeric-figure:;--tw-numeric-spacing:;--tw-numeric-fraction:;--tw-ring-inset:;--tw-ring-offset-width: 0px;--tw-ring-offset-color: #fff;--tw-ring-offset-shadow: 0 0 #0000;--tw-ring-shadow: 0 0 #0000;--tw-shadow: 0 0 #0000;--tw-shadow-colored: 0 0 #0000;--tw-blur:;--tw-brightness:;--tw-contrast:;--tw-grayscale:;--tw-hue-rotate:;--tw-invert:;--tw-saturate:;--tw-sepia:;--tw-drop-shadow:;--tw-backdrop-blur:;--tw-backdrop-brightness:;--tw-backdrop-contrast:;--tw-backdrop-grayscale:;--tw-backdrop-hue-rotate:;--tw-backdrop-invert:;--tw-backdrop-opacity:;--tw-backdrop-saturate:;--tw-backdrop-sepia:\">Ana men\u00fcye d\u00f6n<\/span><\/span><\/a>                <\/span>\n\t\t\t\t\t\t\t<\/div>\n\t\t\t\t\t\t\t\t\t\t\t\t\t\t\t\t\t\t\t\t\t<h3 class=\"kf-title element-anim-1 scroll-animate\" data-animate=\"active\">\n\t\t\t\t\t\t\t\t<span >\n                  HokkahTalya                 <\/span>\n\t\t\t\t\t\t\t<\/h3>\n\t\t\t\t\t\t\t\t\t\t\t\t\t<\/div>\n\t\t\t\t\t\t\t\t\t\t\t<\/div>\n\t\t\t\t\t<div class=\"col-xs-12 col-sm-12 col-md-12 col-lg-4 align-self-center align-right\">\n\t\t\t\t\t\t\t\t\t\t\t<\/div>\n\t\t\t\t<\/div>\n\n\t\t\t<\/div>\n\t\t<\/section>\n\n\t\t\t\t\t\t<\/div>\n\t\t\t\t<\/div>\n\t\t\t\t\t<\/div>\n\t\t<\/div>\n\t\t\t\t\t<\/div>\n\t\t<\/section>\n\t\t\t\t<\/div>","protected":false},"excerpt":{"rendered":"<p>Menu Soda and Water Energy Drink TL80 Sprite TL65 Fanta TL65 Coca Cola TL65 Sparkling Water TL40 Water TL20 Ana men\u00fcye d\u00f6n HokkahTalya<\/p>","protected":false},"author":2,"featured_media":0,"parent":0,"menu_order":0,"comment_status":"closed","ping_status":"closed","template":"","meta":{"_acf_changed":false,"footnotes":""},"class_list":["post-3497","page","type-page","status-publish","hentry"],"acf":[],"_links":{"self":[{"href":"https:\/\/www.hookahtalyacafe.com\/tr\/wp-json\/wp\/v2\/pages\/3497","targetHints":{"allow":["GET"]}}],"collection":[{"href":"https:\/\/www.hookahtalyacafe.com\/tr\/wp-json\/wp\/v2\/pages"}],"about":[{"href":"https:\/\/www.hookahtalyacafe.com\/tr\/wp-json\/wp\/v2\/types\/page"}],"author":[{"embeddable":true,"href":"https:\/\/www.hookahtalyacafe.com\/tr\/wp-json\/wp\/v2\/users\/2"}],"replies":[{"embeddable":true,"href":"https:\/\/www.hookahtalyacafe.com\/tr\/wp-json\/wp\/v2\/comments?post=3497"}],"version-history":[{"count":0,"href":"https:\/\/www.hookahtalyacafe.com\/tr\/wp-json\/wp\/v2\/pages\/3497\/revisions"}],"wp:attachment":[{"href":"https:\/\/www.hookahtalyacafe.com\/tr\/wp-json\/wp\/v2\/media?parent=3497"}],"curies":[{"name":"wp","href":"https:\/\/api.w.org\/{rel}","templated":true}]}}