{"id":3412,"date":"2023-09-14T08:40:06","date_gmt":"2023-09-14T08:40:06","guid":{"rendered":"https:\/\/www.hookahtalyacafe.com\/?page_id=3412"},"modified":"2024-06-17T11:31:18","modified_gmt":"2024-06-17T11:31:18","slug":"breakfast-menu","status":"publish","type":"page","link":"https:\/\/www.hookahtalyacafe.com\/tr\/breakfast-menu\/","title":{"rendered":"Kahvalt\u0131 men\u00fcs\u00fc"},"content":{"rendered":"<div data-elementor-type=\"wp-page\" data-elementor-id=\"3412\" class=\"elementor elementor-3412\" data-elementor-post-type=\"page\">\n\t\t\t\t\t\t<section class=\"elementor-section elementor-top-section elementor-element elementor-element-785ee9d elementor-section-full_width elementor-section-stretched elementor-section-height-default elementor-section-height-default\" data-id=\"785ee9d\" data-element_type=\"section\" data-e-type=\"section\" data-settings=\"{&quot;stretch_section&quot;:&quot;section-stretched&quot;}\">\n\t\t\t\t\t\t<div class=\"elementor-container elementor-column-gap-default\">\n\t\t\t\t\t<div class=\"elementor-column elementor-col-100 elementor-top-column elementor-element elementor-element-1461723b\" data-id=\"1461723b\" data-element_type=\"column\" data-e-type=\"column\">\n\t\t\t<div class=\"elementor-widget-wrap elementor-element-populated\">\n\t\t\t\t\t\t<div class=\"elementor-element elementor-element-5a399105 elementor-widget elementor-widget-kaffen-started\" data-id=\"5a399105\" data-element_type=\"widget\" data-e-type=\"widget\" data-widget_type=\"kaffen-started.default\">\n\t\t\t\t<div class=\"elementor-widget-container\">\n\t\t\t\t\t\n    <!-- Section Started Inner -->\n    <section class=\"section kf-started-inner\">\n      <div class=\"kf-parallax-bg js-parallax\" style=\"background-image: url('https:\/\/www.hookahtalyacafe.com\/wp-content\/uploads\/2023\/09\/Cold-Drinks-HookahTaya-Cafe-Lara-Antalya.Menu_.webp');\"><\/div>\n\t  <div class=\"container\">\n        \n\t\t\t\t<ul class=\"kf-breadcrumbs\"><li><a href=\"https:\/\/www.hookahtalyacafe.com\/tr\" title=\"HookahTalya Cafe\">Home<\/a><\/li><li class=\"tst-active\"><a><\/a><\/li><\/ul>      <\/div>\n    <\/section>\n\n\t\t\t\t\t\t<\/div>\n\t\t\t\t<\/div>\n\t\t\t\t\t<\/div>\n\t\t<\/div>\n\t\t\t\t\t<\/div>\n\t\t<\/section>\n\t\t\t\t<section class=\"elementor-section elementor-top-section elementor-element elementor-element-6c3fb323 elementor-section-boxed elementor-section-height-default elementor-section-height-default\" data-id=\"6c3fb323\" data-element_type=\"section\" data-e-type=\"section\">\n\t\t\t\t\t\t<div class=\"elementor-container elementor-column-gap-no\">\n\t\t\t\t\t<div class=\"elementor-column elementor-col-100 elementor-top-column elementor-element elementor-element-74282663\" data-id=\"74282663\" data-element_type=\"column\" data-e-type=\"column\">\n\t\t\t<div class=\"elementor-widget-wrap elementor-element-populated\">\n\t\t\t\t\t\t<div class=\"elementor-element elementor-element-1f929d6e elementor-widget__width-initial elementor-widget elementor-widget-kaffen-heading\" data-id=\"1f929d6e\" data-element_type=\"widget\" data-e-type=\"widget\" data-widget_type=\"kaffen-heading.default\">\n\t\t\t\t<div class=\"elementor-widget-container\">\n\t\t\t\t\t\n        <div class=\"kf-titles align-center\">\n            <div class=\"kf-subtitle element-anim-1 scroll-animate\" data-animate=\"active\">\n        <span >\n          Men\u00fcs\u00fc        <\/span>\n      <\/div>\n                  <h3 class=\"kf-title element-anim-1 scroll-animate\" data-animate=\"active\">\n        <span >\n          kahvalt\u0131 taba\u011f\u0131        <\/span>\n      <\/h3>\n          <\/div>\n    \n\t\t\t\t\t\t<\/div>\n\t\t\t\t<\/div>\n\t\t\t\t<section class=\"elementor-section elementor-inner-section elementor-element elementor-element-37839e8a elementor-section-full_width elementor-section-height-default elementor-section-height-default\" data-id=\"37839e8a\" data-element_type=\"section\" data-e-type=\"section\">\n\t\t\t\t\t\t<div class=\"elementor-container elementor-column-gap-no\">\n\t\t\t\t\t<div class=\"elementor-column elementor-col-100 elementor-inner-column elementor-element elementor-element-78f13eb8\" data-id=\"78f13eb8\" data-element_type=\"column\" data-e-type=\"column\">\n\t\t\t<div class=\"elementor-widget-wrap elementor-element-populated\">\n\t\t\t\t\t\t<div class=\"elementor-element elementor-element-120602f0 elementor-widget elementor-widget-kaffen-restaurant-menu-list\" data-id=\"120602f0\" data-element_type=\"widget\" data-e-type=\"widget\" data-widget_type=\"kaffen-restaurant-menu-list.default\">\n\t\t\t\t<div class=\"elementor-widget-container\">\n\t\t\t\t\t\n\t\t\t\t<div class=\"kf-menu-items-2\">\n\t\t\t\n\n<!-- menu item -->\n<div class=\"kf-menu-item-2 element-anim-1 scroll-animate\" data-animate=\"active\">\n\t\t<div class=\"image kf-image-hover\">\n\t\t<a href=\"https:\/\/www.hookahtalyacafe.com\/wp-content\/uploads\/2024\/06\/Pain-au-Chocolate-1.jpeg\" data-elementor-open-lightbox=\"yes\" data-elementor-lightbox-title=\"Croissant Chocolate\"><img decoding=\"async\" src=\"https:\/\/www.hookahtalyacafe.com\/wp-content\/uploads\/2024\/06\/Pain-au-Chocolate-1.jpeg\" alt=\"\u00c7ikolatal\u0131 Kruvasan\" \/><\/a>\n\t<\/div>\n\t\t<div class=\"desc\">\n\t\t<h5 class=\"name\">\u00c7ikolatal\u0131 Kruvasan<\/h5>\n\t\t\t\t\t\t<div class=\"price\">\n\t\t\t<span>TL200<\/span>\n\t\t<\/div>\n\t\t\t<\/div>\n<\/div>\n<!-- menu item end -->\n\n\n<!-- menu item -->\n<div class=\"kf-menu-item-2 element-anim-1 scroll-animate\" data-animate=\"active\">\n\t\t<div class=\"desc\">\n\t\t<h5 class=\"name\">kahvalt\u0131 taba\u011f\u0131<\/h5>\n\t\t\t\t<div class=\"subname\">\n\t\t\tPeynir, labne, re\u00e7elli sebzeler, Yumurta, k\u0131zarm\u0131\u015f ekmekle servis edilir.\t\t<\/div>\n\t\t\t\t\t\t<div class=\"price\">\n\t\t\t<span>TL250<\/span>\n\t\t<\/div>\n\t\t\t<\/div>\n<\/div>\n<!-- menu item end -->\n\n\n<!-- menu item -->\n<div class=\"kf-menu-item-2 element-anim-1 scroll-animate\" data-animate=\"active\">\n\t\t<div class=\"image kf-image-hover\">\n\t\t<a href=\"https:\/\/www.hookahtalyacafe.com\/wp-content\/uploads\/2023\/09\/Saj.webp\" data-elementor-open-lightbox=\"yes\" data-elementor-lightbox-title=\"Saj\/G\u00f6zleme\"><img decoding=\"async\" src=\"https:\/\/www.hookahtalyacafe.com\/wp-content\/uploads\/2023\/09\/Saj.webp\" alt=\"Saj\/G\u00f6zleme\" \/><\/a>\n\t<\/div>\n\t\t<div class=\"desc\">\n\t\t<h5 class=\"name\">Saj\/G\u00f6zleme<\/h5>\n\t\t\t\t<div class=\"subname\">\n\t\t\tTaze peynirli ve kekikli saj\u0131m\u0131z, salatal\u0131k ve zeytin ile servis edilir.\t\t<\/div>\n\t\t\t\t\t\t<div class=\"price\">\n\t\t\t<span>TL180<\/span>\n\t\t<\/div>\n\t\t\t<\/div>\n<\/div>\n<!-- menu item end -->\n\n\n<!-- menu item -->\n<div class=\"kf-menu-item-2 element-anim-1 scroll-animate\" data-animate=\"active\">\n\t\t<div class=\"image kf-image-hover\">\n\t\t<a href=\"https:\/\/www.hookahtalyacafe.com\/wp-content\/uploads\/2023\/09\/R4231984738412-kruvasan-2.jpeg\" data-elementor-open-lightbox=\"yes\" data-elementor-lightbox-title=\"Croissant Plain\"><img decoding=\"async\" src=\"https:\/\/www.hookahtalyacafe.com\/wp-content\/uploads\/2023\/09\/R4231984738412-kruvasan-2.jpeg\" alt=\"Sade Kruvasan\" \/><\/a>\n\t<\/div>\n\t\t<div class=\"desc\">\n\t\t<h5 class=\"name\">Sade Kruvasan<\/h5>\n\t\t\t\t\t\t<div class=\"price\">\n\t\t\t<span>TL150<\/span>\n\t\t<\/div>\n\t\t\t<\/div>\n<\/div>\n<!-- menu item end -->\n\t\t<\/div>\n\n\t\t\n\t\t\t\t\t\t<\/div>\n\t\t\t\t<\/div>\n\t\t\t\t\t<\/div>\n\t\t<\/div>\n\t\t\t\t\t<\/div>\n\t\t<\/section>\n\t\t\t\t\t<\/div>\n\t\t<\/div>\n\t\t\t\t\t<\/div>\n\t\t<\/section>\n\t\t\t\t<section class=\"elementor-section elementor-top-section elementor-element elementor-element-68882c5f elementor-section-full_width elementor-section-height-default elementor-section-height-default\" data-id=\"68882c5f\" data-element_type=\"section\" data-e-type=\"section\">\n\t\t\t\t\t\t<div class=\"elementor-container elementor-column-gap-no\">\n\t\t\t\t\t<div class=\"elementor-column elementor-col-100 elementor-top-column elementor-element elementor-element-7b970c03\" data-id=\"7b970c03\" data-element_type=\"column\" data-e-type=\"column\">\n\t\t\t<div class=\"elementor-widget-wrap elementor-element-populated\">\n\t\t\t\t\t\t<div class=\"elementor-element elementor-element-58258433 elementor-widget elementor-widget-kaffen-cta\" data-id=\"58258433\" data-element_type=\"widget\" data-e-type=\"widget\" data-widget_type=\"kaffen-cta.default\">\n\t\t\t\t<div class=\"elementor-widget-container\">\n\t\t\t\t\t\n\t\t<!-- Section CTA -->\n\t\t<section class=\"section kf-cta kf-parallax\" style=\"background-image: url('https:\/\/bslthemes.com\/import\/kaffen\/01\/uploads\/2022\/04\/menu_coffee_inner_bg.jpg');\">\n\t\t\t<div class=\"container\">\n\n\t\t\t\t<div class=\"row\">\n\t\t\t\t\t<div class=\"col-xs-12 col-sm-12 col-md-12 col-lg-8\">\n\t\t\t\t\t\t\t\t\t\t\t\t<div class=\"kf-titles\">\n\t\t\t\t\t\t\t\t\t\t\t\t\t\t<div class=\"kf-subtitle element-anim-1 scroll-animate\" data-animate=\"active\">\n\t\t\t\t\t\t\t\t<span >\n                  <a class=\"elementor-button elementor-button-link elementor-size-sm\" href=\"https:\/\/www.hookahtalyacafe.com\/tr\/\" style=\"--tw-border-spacing-x: 0;--tw-border-spacing-y: 0;--tw-translate-x: 0;--tw-translate-y: 0;--tw-rotate: 0;--tw-skew-x: 0;--tw-skew-y: 0;--tw-scale-x: 1;--tw-scale-y: 1;--tw-pan-x:;--tw-pan-y:;--tw-pinch-zoom:;--tw-scroll-snap-strictness: proximity;--tw-gradient-from-position:;--tw-gradient-via-position:;--tw-gradient-to-position:;--tw-ordinal:;--tw-slashed-zero:;--tw-numeric-figure:;--tw-numeric-spacing:;--tw-numeric-fraction:;--tw-ring-inset:;--tw-ring-offset-width: 0px;--tw-ring-offset-color: #fff;--tw-ring-offset-shadow: 0 0 #0000;--tw-ring-shadow: 0 0 #0000;--tw-shadow: 0 0 #0000;--tw-shadow-colored: 0 0 #0000;--tw-blur:;--tw-brightness:;--tw-contrast:;--tw-grayscale:;--tw-hue-rotate:;--tw-invert:;--tw-saturate:;--tw-sepia:;--tw-drop-shadow:;--tw-backdrop-blur:;--tw-backdrop-brightness:;--tw-backdrop-contrast:;--tw-backdrop-grayscale:;--tw-backdrop-hue-rotate:;--tw-backdrop-invert:;--tw-backdrop-opacity:;--tw-backdrop-saturate:;--tw-backdrop-sepia:;letter-spacing: normal;text-transform: none\"><span class=\"elementor-button-content-wrapper\" style=\"--tw-border-spacing-x: 0;--tw-border-spacing-y: 0;--tw-translate-x: 0;--tw-translate-y: 0;--tw-rotate: 0;--tw-skew-x: 0;--tw-skew-y: 0;--tw-scale-x: 1;--tw-scale-y: 1;--tw-pan-x:;--tw-pan-y:;--tw-pinch-zoom:;--tw-scroll-snap-strictness: proximity;--tw-gradient-from-position:;--tw-gradient-via-position:;--tw-gradient-to-position:;--tw-ordinal:;--tw-slashed-zero:;--tw-numeric-figure:;--tw-numeric-spacing:;--tw-numeric-fraction:;--tw-ring-inset:;--tw-ring-offset-width: 0px;--tw-ring-offset-color: #fff;--tw-ring-offset-shadow: 0 0 #0000;--tw-ring-shadow: 0 0 #0000;--tw-shadow: 0 0 #0000;--tw-shadow-colored: 0 0 #0000;--tw-blur:;--tw-brightness:;--tw-contrast:;--tw-grayscale:;--tw-hue-rotate:;--tw-invert:;--tw-saturate:;--tw-sepia:;--tw-drop-shadow:;--tw-backdrop-blur:;--tw-backdrop-brightness:;--tw-backdrop-contrast:;--tw-backdrop-grayscale:;--tw-backdrop-hue-rotate:;--tw-backdrop-invert:;--tw-backdrop-opacity:;--tw-backdrop-saturate:;--tw-backdrop-sepia:\"><span class=\"elementor-button-text\" style=\"--tw-border-spacing-x: 0;--tw-border-spacing-y: 0;--tw-translate-x: 0;--tw-translate-y: 0;--tw-rotate: 0;--tw-skew-x: 0;--tw-skew-y: 0;--tw-scale-x: 1;--tw-scale-y: 1;--tw-pan-x:;--tw-pan-y:;--tw-pinch-zoom:;--tw-scroll-snap-strictness: proximity;--tw-gradient-from-position:;--tw-gradient-via-position:;--tw-gradient-to-position:;--tw-ordinal:;--tw-slashed-zero:;--tw-numeric-figure:;--tw-numeric-spacing:;--tw-numeric-fraction:;--tw-ring-inset:;--tw-ring-offset-width: 0px;--tw-ring-offset-color: #fff;--tw-ring-offset-shadow: 0 0 #0000;--tw-ring-shadow: 0 0 #0000;--tw-shadow: 0 0 #0000;--tw-shadow-colored: 0 0 #0000;--tw-blur:;--tw-brightness:;--tw-contrast:;--tw-grayscale:;--tw-hue-rotate:;--tw-invert:;--tw-saturate:;--tw-sepia:;--tw-drop-shadow:;--tw-backdrop-blur:;--tw-backdrop-brightness:;--tw-backdrop-contrast:;--tw-backdrop-grayscale:;--tw-backdrop-hue-rotate:;--tw-backdrop-invert:;--tw-backdrop-opacity:;--tw-backdrop-saturate:;--tw-backdrop-sepia:\">Ana men\u00fcye d\u00f6n<\/span><\/span><\/a>                <\/span>\n\t\t\t\t\t\t\t<\/div>\n\t\t\t\t\t\t\t\t\t\t\t\t\t\t\t\t\t\t\t\t\t<h3 class=\"kf-title element-anim-1 scroll-animate\" data-animate=\"active\">\n\t\t\t\t\t\t\t\t<span >\n                  HokkahTalya                 <\/span>\n\t\t\t\t\t\t\t<\/h3>\n\t\t\t\t\t\t\t\t\t\t\t\t\t<\/div>\n\t\t\t\t\t\t\t\t\t\t\t<\/div>\n\t\t\t\t\t<div class=\"col-xs-12 col-sm-12 col-md-12 col-lg-4 align-self-center align-right\">\n\t\t\t\t\t\t\t\t\t\t\t<\/div>\n\t\t\t\t<\/div>\n\n\t\t\t<\/div>\n\t\t<\/section>\n\n\t\t\t\t\t\t<\/div>\n\t\t\t\t<\/div>\n\t\t\t\t\t<\/div>\n\t\t<\/div>\n\t\t\t\t\t<\/div>\n\t\t<\/section>\n\t\t\t\t<\/div>","protected":false},"excerpt":{"rendered":"<p>Home Menu Breakfast Croissant Chocolate TL140 Breakfast Cheese , labneh, jam vegetables , Eggs, served with toast. TL250 Saj\/G\u00f6zleme Your choice of our freshly cheese and thyme saj served with cucumber, andolives. TL90 Croissant Plain TL110 Ana men\u00fcye d\u00f6n HokkahTalya<\/p>","protected":false},"author":2,"featured_media":0,"parent":0,"menu_order":0,"comment_status":"closed","ping_status":"closed","template":"","meta":{"_acf_changed":false,"footnotes":""},"class_list":["post-3412","page","type-page","status-publish","hentry"],"acf":[],"_links":{"self":[{"href":"https:\/\/www.hookahtalyacafe.com\/tr\/wp-json\/wp\/v2\/pages\/3412","targetHints":{"allow":["GET"]}}],"collection":[{"href":"https:\/\/www.hookahtalyacafe.com\/tr\/wp-json\/wp\/v2\/pages"}],"about":[{"href":"https:\/\/www.hookahtalyacafe.com\/tr\/wp-json\/wp\/v2\/types\/page"}],"author":[{"embeddable":true,"href":"https:\/\/www.hookahtalyacafe.com\/tr\/wp-json\/wp\/v2\/users\/2"}],"replies":[{"embeddable":true,"href":"https:\/\/www.hookahtalyacafe.com\/tr\/wp-json\/wp\/v2\/comments?post=3412"}],"version-history":[{"count":0,"href":"https:\/\/www.hookahtalyacafe.com\/tr\/wp-json\/wp\/v2\/pages\/3412\/revisions"}],"wp:attachment":[{"href":"https:\/\/www.hookahtalyacafe.com\/tr\/wp-json\/wp\/v2\/media?parent=3412"}],"curies":[{"name":"wp","href":"https:\/\/api.w.org\/{rel}","templated":true}]}}