{"id":3386,"date":"2023-09-14T08:21:18","date_gmt":"2023-09-14T08:21:18","guid":{"rendered":"https:\/\/www.hookahtalyacafe.com\/?page_id=3386"},"modified":"2024-06-17T13:14:07","modified_gmt":"2024-06-17T13:14:07","slug":"dessert","status":"publish","type":"page","link":"https:\/\/www.hookahtalyacafe.com\/tr\/dessert\/","title":{"rendered":"Tatl\u0131lar"},"content":{"rendered":"<div data-elementor-type=\"wp-page\" data-elementor-id=\"3386\" class=\"elementor elementor-3386\" data-elementor-post-type=\"page\">\n\t\t\t\t\t\t<section class=\"elementor-section elementor-top-section elementor-element elementor-element-110cc734 elementor-section-full_width elementor-section-stretched elementor-section-height-default elementor-section-height-default\" data-id=\"110cc734\" data-element_type=\"section\" data-e-type=\"section\" data-settings=\"{&quot;stretch_section&quot;:&quot;section-stretched&quot;}\">\n\t\t\t\t\t\t<div class=\"elementor-container elementor-column-gap-default\">\n\t\t\t\t\t<div class=\"elementor-column elementor-col-100 elementor-top-column elementor-element elementor-element-5ebe142a\" data-id=\"5ebe142a\" data-element_type=\"column\" data-e-type=\"column\">\n\t\t\t<div class=\"elementor-widget-wrap elementor-element-populated\">\n\t\t\t\t\t\t<div class=\"elementor-element elementor-element-48832f63 elementor-widget elementor-widget-kaffen-started\" data-id=\"48832f63\" data-element_type=\"widget\" data-e-type=\"widget\" data-widget_type=\"kaffen-started.default\">\n\t\t\t\t<div class=\"elementor-widget-container\">\n\t\t\t\t\t\n    <!-- Section Started Inner -->\n    <section class=\"section kf-started-inner\">\n      <div class=\"kf-parallax-bg js-parallax\" style=\"background-image: url('https:\/\/www.hookahtalyacafe.com\/wp-content\/uploads\/2023\/09\/Cold-Drinks-HookahTaya-Cafe-Lara-Antalya.Menu_.webp');\"><\/div>\n\t  <div class=\"container\">\n                <h1 class=\"kf-h-title text-anim-1 scroll-animate\" data-splitting=\"chars\" data-animate=\"active\">\n          <span >\n            <span style=\"font-size: 42px;text-align: center\">Tatl\u0131lar<\/span><span style=\"font-size: 42px;text-align: center\"><\/span>          <\/span>\n        <\/h1>\n        \n\t\t\t\t      <\/div>\n    <\/section>\n\n\t\t\t\t\t\t<\/div>\n\t\t\t\t<\/div>\n\t\t\t\t\t<\/div>\n\t\t<\/div>\n\t\t\t\t\t<\/div>\n\t\t<\/section>\n\t\t\t\t<section class=\"elementor-section elementor-top-section elementor-element elementor-element-73c4554e elementor-section-boxed elementor-section-height-default elementor-section-height-default\" data-id=\"73c4554e\" data-element_type=\"section\" data-e-type=\"section\">\n\t\t\t\t\t\t<div class=\"elementor-container elementor-column-gap-no\">\n\t\t\t\t\t<div class=\"elementor-column elementor-col-100 elementor-top-column elementor-element elementor-element-6977d5a7\" data-id=\"6977d5a7\" data-element_type=\"column\" data-e-type=\"column\">\n\t\t\t<div class=\"elementor-widget-wrap elementor-element-populated\">\n\t\t\t\t\t\t<div class=\"elementor-element elementor-element-683449b0 elementor-widget__width-initial elementor-widget elementor-widget-kaffen-heading\" data-id=\"683449b0\" data-element_type=\"widget\" data-e-type=\"widget\" data-widget_type=\"kaffen-heading.default\">\n\t\t\t\t<div class=\"elementor-widget-container\">\n\t\t\t\t\t\n        <div class=\"kf-titles align-center\">\n            <div class=\"kf-subtitle element-anim-1 scroll-animate\" data-animate=\"active\">\n        <span >\n          Men\u00fcs\u00fc        <\/span>\n      <\/div>\n                  <h3 class=\"kf-title element-anim-1 scroll-animate\" data-animate=\"active\">\n        <span >\n          Tatl\u0131lar        <\/span>\n      <\/h3>\n          <\/div>\n    \n\t\t\t\t\t\t<\/div>\n\t\t\t\t<\/div>\n\t\t\t\t<section class=\"elementor-section elementor-inner-section elementor-element elementor-element-5fd1dd2f elementor-section-full_width elementor-section-height-default elementor-section-height-default\" data-id=\"5fd1dd2f\" data-element_type=\"section\" data-e-type=\"section\">\n\t\t\t\t\t\t<div class=\"elementor-container elementor-column-gap-no\">\n\t\t\t\t\t<div class=\"elementor-column elementor-col-100 elementor-inner-column elementor-element elementor-element-92082dc\" data-id=\"92082dc\" data-element_type=\"column\" data-e-type=\"column\">\n\t\t\t<div class=\"elementor-widget-wrap elementor-element-populated\">\n\t\t\t\t\t\t<div class=\"elementor-element elementor-element-1da034d4 elementor-widget elementor-widget-kaffen-restaurant-menu-list\" data-id=\"1da034d4\" data-element_type=\"widget\" data-e-type=\"widget\" data-widget_type=\"kaffen-restaurant-menu-list.default\">\n\t\t\t\t<div class=\"elementor-widget-container\">\n\t\t\t\t\t\n\t\t\t\t<div class=\"kf-menu-items-2\">\n\t\t\t\n\n<!-- menu item -->\n<div class=\"kf-menu-item-2 element-anim-1 scroll-animate\" data-animate=\"active\">\n\t\t<div class=\"image kf-image-hover\">\n\t\t<a href=\"https:\/\/www.hookahtalyacafe.com\/wp-content\/uploads\/2024\/06\/Frambuazli-Cheesecake.jpeg\" data-elementor-open-lightbox=\"yes\" data-elementor-lightbox-title=\"Raspberry Cheesecake\"><img decoding=\"async\" src=\"https:\/\/www.hookahtalyacafe.com\/wp-content\/uploads\/2024\/06\/Frambuazli-Cheesecake.jpeg\" alt=\"Raspberry Cheesecake\" \/><\/a>\n\t<\/div>\n\t\t<div class=\"desc\">\n\t\t<h5 class=\"name\">Raspberry Cheesecake<\/h5>\n\t\t\t\t\t\t<div class=\"price\">\n\t\t\t<span>TL250<\/span>\n\t\t<\/div>\n\t\t\t<\/div>\n<\/div>\n<!-- menu item end -->\n\n\n<!-- menu item -->\n<div class=\"kf-menu-item-2 element-anim-1 scroll-animate\" data-animate=\"active\">\n\t\t<div class=\"image kf-image-hover\">\n\t\t<a href=\"https:\/\/www.hookahtalyacafe.com\/wp-content\/uploads\/2024\/06\/TIRAMISU.jpeg\" data-elementor-open-lightbox=\"yes\" data-elementor-lightbox-title=\"Tiramisu\"><img decoding=\"async\" src=\"https:\/\/www.hookahtalyacafe.com\/wp-content\/uploads\/2024\/06\/TIRAMISU.jpeg\" alt=\"Tiramisu\" \/><\/a>\n\t<\/div>\n\t\t<div class=\"desc\">\n\t\t<h5 class=\"name\">Tiramisu<\/h5>\n\t\t\t\t\t\t<div class=\"price\">\n\t\t\t<span>TL250<\/span>\n\t\t<\/div>\n\t\t\t<\/div>\n<\/div>\n<!-- menu item end -->\n\n\n<!-- menu item -->\n<div class=\"kf-menu-item-2 element-anim-1 scroll-animate\" data-animate=\"active\">\n\t\t<div class=\"desc\">\n\t\t<h5 class=\"name\">Dondurmal\u0131 Kruvasan<\/h5>\n\t\t\t\t<div class=\"subname\">\n\t\t\tTaze kruvasan, vanilyal\u0131 ve \u00e7ikolatal\u0131 dondurmayla servis edilir, \u00fczerine \u00e7ikolata sosu eklenir.\t\t<\/div>\n\t\t\t\t\t\t<div class=\"price\">\n\t\t\t<span>TL300<\/span>\n\t\t<\/div>\n\t\t\t<\/div>\n<\/div>\n<!-- menu item end -->\n\n\n<!-- menu item -->\n<div class=\"kf-menu-item-2 element-anim-1 scroll-animate\" data-animate=\"active\">\n\t\t<div class=\"image kf-image-hover\">\n\t\t<a href=\"https:\/\/www.hookahtalyacafe.com\/wp-content\/uploads\/2023\/09\/Ice-Cream.webp\" data-elementor-open-lightbox=\"yes\" data-elementor-lightbox-title=\"Ice Cream Scoop\"><img decoding=\"async\" src=\"https:\/\/www.hookahtalyacafe.com\/wp-content\/uploads\/2023\/09\/Ice-Cream.webp\" alt=\"Dondurma Topu\" \/><\/a>\n\t<\/div>\n\t\t<div class=\"desc\">\n\t\t<h5 class=\"name\">Dondurma Topu<\/h5>\n\t\t\t\t<div class=\"subname\">\n\t\t\tMango, \u00e7ilek, vanilyal\u0131 \u00e7ikolata.\t\t<\/div>\n\t\t\t\t\t\t<div class=\"price\">\n\t\t\t<span>TL65<\/span>\n\t\t<\/div>\n\t\t\t<\/div>\n<\/div>\n<!-- menu item end -->\n\n\n<!-- menu item -->\n<div class=\"kf-menu-item-2 element-anim-1 scroll-animate\" data-animate=\"active\">\n\t\t<div class=\"image kf-image-hover\">\n\t\t<a href=\"https:\/\/www.hookahtalyacafe.com\/wp-content\/uploads\/2023\/09\/osmanliye-1.webp\" data-elementor-open-lightbox=\"yes\" data-elementor-lightbox-title=\"Osmanliye\"><img decoding=\"async\" src=\"https:\/\/www.hookahtalyacafe.com\/wp-content\/uploads\/2023\/09\/osmanliye-1.webp\" alt=\"Osmanliye\" \/><\/a>\n\t<\/div>\n\t\t<div class=\"desc\">\n\t\t<h5 class=\"name\">Osmanliye<\/h5>\n\t\t\t\t<div class=\"subname\">\n\t\t\tOsmanl\u0131 usul\u00fc k\u00fcnefe, ev yap\u0131m\u0131 taze kremal\u0131, tatl\u0131 \u015furuplu\t\t<\/div>\n\t\t\t\t\t\t<div class=\"price\">\n\t\t\t<span>TL200<\/span>\n\t\t<\/div>\n\t\t\t<\/div>\n<\/div>\n<!-- menu item end -->\n\n\n<!-- menu item -->\n<div class=\"kf-menu-item-2 element-anim-1 scroll-animate\" data-animate=\"active\">\n\t\t<div class=\"image kf-image-hover\">\n\t\t<a href=\"https:\/\/www.hookahtalyacafe.com\/wp-content\/uploads\/2023\/09\/magnolia-1.webp\" data-elementor-open-lightbox=\"yes\" data-elementor-lightbox-title=\"Magnolia\"><img decoding=\"async\" src=\"https:\/\/www.hookahtalyacafe.com\/wp-content\/uploads\/2023\/09\/magnolia-1.webp\" alt=\"Magnolya\" \/><\/a>\n\t<\/div>\n\t\t<div class=\"desc\">\n\t\t<h5 class=\"name\">Magnolya<\/h5>\n\t\t\t\t<div class=\"subname\">\n\t\t\tMuz, \u00e7ilek veya Oreo se\u00e7iminiz.\t\t<\/div>\n\t\t\t\t\t\t<div class=\"price\">\n\t\t\t<span>TL190<\/span>\n\t\t<\/div>\n\t\t\t<\/div>\n<\/div>\n<!-- menu item end -->\n\n\n<!-- menu item -->\n<div class=\"kf-menu-item-2 element-anim-1 scroll-animate\" data-animate=\"active\">\n\t\t<div class=\"image kf-image-hover\">\n\t\t<a href=\"https:\/\/www.hookahtalyacafe.com\/wp-content\/uploads\/2023\/09\/English-Cake.webp\" data-elementor-open-lightbox=\"yes\" data-elementor-lightbox-title=\"English Cake\"><img decoding=\"async\" src=\"https:\/\/www.hookahtalyacafe.com\/wp-content\/uploads\/2023\/09\/English-Cake.webp\" alt=\"\u0130ngiliz Pastas\u0131\" \/><\/a>\n\t<\/div>\n\t\t<div class=\"desc\">\n\t\t<h5 class=\"name\">\u0130ngiliz Pastas\u0131<\/h5>\n\t\t\t\t<div class=\"subname\">\n\t\t\tNefis, nemli bir \u0130ngiliz pastas\u0131.\t\t<\/div>\n\t\t\t\t\t\t<div class=\"price\">\n\t\t\t<span>TL190<\/span>\n\t\t<\/div>\n\t\t\t<\/div>\n<\/div>\n<!-- menu item end -->\n\n\n<!-- menu item -->\n<div class=\"kf-menu-item-2 element-anim-1 scroll-animate\" data-animate=\"active\">\n\t\t<div class=\"image kf-image-hover\">\n\t\t<a href=\"https:\/\/www.hookahtalyacafe.com\/wp-content\/uploads\/2023\/09\/cookies-in-a-pan.webp\" data-elementor-open-lightbox=\"yes\" data-elementor-lightbox-title=\"Cookies in a pan\"><img decoding=\"async\" src=\"https:\/\/www.hookahtalyacafe.com\/wp-content\/uploads\/2023\/09\/cookies-in-a-pan.webp\" alt=\"Cookies in a pan\" \/><\/a>\n\t<\/div>\n\t\t<div class=\"desc\">\n\t\t<h5 class=\"name\">Cookies in a pan<\/h5>\n\t\t\t\t<div class=\"subname\">\n\t\t\t\u00d6zel s\u0131cak \u00e7ikolatal\u0131 kurabiyelerimizin \u00fczerine vanilyal\u0131 dondurma.\t\t<\/div>\n\t\t\t\t\t\t<div class=\"price\">\n\t\t\t<span>TL350<\/span>\n\t\t<\/div>\n\t\t\t<\/div>\n<\/div>\n<!-- menu item end -->\n\n\n<!-- menu item -->\n<div class=\"kf-menu-item-2 element-anim-1 scroll-animate\" data-animate=\"active\">\n\t\t<div class=\"image kf-image-hover\">\n\t\t<a href=\"https:\/\/www.hookahtalyacafe.com\/wp-content\/uploads\/2023\/09\/fondant.webp\" data-elementor-open-lightbox=\"yes\" data-elementor-lightbox-title=\"Fondant\"><img decoding=\"async\" src=\"https:\/\/www.hookahtalyacafe.com\/wp-content\/uploads\/2023\/09\/fondant.webp\" alt=\"Fondan\" \/><\/a>\n\t<\/div>\n\t\t<div class=\"desc\">\n\t\t<h5 class=\"name\">Fondan<\/h5>\n\t\t\t\t<div class=\"subname\">\n\t\t\tErimi\u015f \u00e7ikolata ve vanilyal\u0131 dondurma i\u00e7eren fondan.\t\t<\/div>\n\t\t\t\t\t\t<div class=\"price\">\n\t\t\t<span>TL300<\/span>\n\t\t<\/div>\n\t\t\t<\/div>\n<\/div>\n<!-- menu item end -->\n\t\t<\/div>\n\n\t\t\n\t\t\t\t\t\t<\/div>\n\t\t\t\t<\/div>\n\t\t\t\t\t<\/div>\n\t\t<\/div>\n\t\t\t\t\t<\/div>\n\t\t<\/section>\n\t\t\t\t\t<\/div>\n\t\t<\/div>\n\t\t\t\t\t<\/div>\n\t\t<\/section>\n\t\t\t\t<section class=\"elementor-section elementor-top-section elementor-element elementor-element-b4cc351 elementor-section-full_width elementor-section-height-default elementor-section-height-default\" data-id=\"b4cc351\" data-element_type=\"section\" data-e-type=\"section\">\n\t\t\t\t\t\t<div class=\"elementor-container elementor-column-gap-no\">\n\t\t\t\t\t<div class=\"elementor-column elementor-col-100 elementor-top-column elementor-element elementor-element-546903cf\" data-id=\"546903cf\" data-element_type=\"column\" data-e-type=\"column\">\n\t\t\t<div class=\"elementor-widget-wrap elementor-element-populated\">\n\t\t\t\t\t\t<div class=\"elementor-element elementor-element-5a67e4cf elementor-widget elementor-widget-kaffen-cta\" data-id=\"5a67e4cf\" data-element_type=\"widget\" data-e-type=\"widget\" data-widget_type=\"kaffen-cta.default\">\n\t\t\t\t<div class=\"elementor-widget-container\">\n\t\t\t\t\t\n\t\t<!-- Section CTA -->\n\t\t<section class=\"section kf-cta kf-parallax\" style=\"background-image: url('https:\/\/bslthemes.com\/import\/kaffen\/01\/uploads\/2022\/04\/menu_coffee_inner_bg.jpg');\">\n\t\t\t<div class=\"container\">\n\n\t\t\t\t<div class=\"row\">\n\t\t\t\t\t<div class=\"col-xs-12 col-sm-12 col-md-12 col-lg-8\">\n\t\t\t\t\t\t\t\t\t\t\t\t<div class=\"kf-titles\">\n\t\t\t\t\t\t\t\t\t\t\t\t\t\t<div class=\"kf-subtitle element-anim-1 scroll-animate\" data-animate=\"active\">\n\t\t\t\t\t\t\t\t<span >\n                  <a class=\"elementor-button elementor-button-link elementor-size-sm\" href=\"https:\/\/www.hookahtalyacafe.com\/tr\/\" style=\"--tw-border-spacing-x: 0;--tw-border-spacing-y: 0;--tw-translate-x: 0;--tw-translate-y: 0;--tw-rotate: 0;--tw-skew-x: 0;--tw-skew-y: 0;--tw-scale-x: 1;--tw-scale-y: 1;--tw-pan-x:;--tw-pan-y:;--tw-pinch-zoom:;--tw-scroll-snap-strictness: proximity;--tw-gradient-from-position:;--tw-gradient-via-position:;--tw-gradient-to-position:;--tw-ordinal:;--tw-slashed-zero:;--tw-numeric-figure:;--tw-numeric-spacing:;--tw-numeric-fraction:;--tw-ring-inset:;--tw-ring-offset-width: 0px;--tw-ring-offset-color: #fff;--tw-ring-offset-shadow: 0 0 #0000;--tw-ring-shadow: 0 0 #0000;--tw-shadow: 0 0 #0000;--tw-shadow-colored: 0 0 #0000;--tw-blur:;--tw-brightness:;--tw-contrast:;--tw-grayscale:;--tw-hue-rotate:;--tw-invert:;--tw-saturate:;--tw-sepia:;--tw-drop-shadow:;--tw-backdrop-blur:;--tw-backdrop-brightness:;--tw-backdrop-contrast:;--tw-backdrop-grayscale:;--tw-backdrop-hue-rotate:;--tw-backdrop-invert:;--tw-backdrop-opacity:;--tw-backdrop-saturate:;--tw-backdrop-sepia:;letter-spacing: normal;text-transform: none\"><span class=\"elementor-button-content-wrapper\" style=\"--tw-border-spacing-x: 0;--tw-border-spacing-y: 0;--tw-translate-x: 0;--tw-translate-y: 0;--tw-rotate: 0;--tw-skew-x: 0;--tw-skew-y: 0;--tw-scale-x: 1;--tw-scale-y: 1;--tw-pan-x:;--tw-pan-y:;--tw-pinch-zoom:;--tw-scroll-snap-strictness: proximity;--tw-gradient-from-position:;--tw-gradient-via-position:;--tw-gradient-to-position:;--tw-ordinal:;--tw-slashed-zero:;--tw-numeric-figure:;--tw-numeric-spacing:;--tw-numeric-fraction:;--tw-ring-inset:;--tw-ring-offset-width: 0px;--tw-ring-offset-color: #fff;--tw-ring-offset-shadow: 0 0 #0000;--tw-ring-shadow: 0 0 #0000;--tw-shadow: 0 0 #0000;--tw-shadow-colored: 0 0 #0000;--tw-blur:;--tw-brightness:;--tw-contrast:;--tw-grayscale:;--tw-hue-rotate:;--tw-invert:;--tw-saturate:;--tw-sepia:;--tw-drop-shadow:;--tw-backdrop-blur:;--tw-backdrop-brightness:;--tw-backdrop-contrast:;--tw-backdrop-grayscale:;--tw-backdrop-hue-rotate:;--tw-backdrop-invert:;--tw-backdrop-opacity:;--tw-backdrop-saturate:;--tw-backdrop-sepia:\"><span class=\"elementor-button-text\" style=\"--tw-border-spacing-x: 0;--tw-border-spacing-y: 0;--tw-translate-x: 0;--tw-translate-y: 0;--tw-rotate: 0;--tw-skew-x: 0;--tw-skew-y: 0;--tw-scale-x: 1;--tw-scale-y: 1;--tw-pan-x:;--tw-pan-y:;--tw-pinch-zoom:;--tw-scroll-snap-strictness: proximity;--tw-gradient-from-position:;--tw-gradient-via-position:;--tw-gradient-to-position:;--tw-ordinal:;--tw-slashed-zero:;--tw-numeric-figure:;--tw-numeric-spacing:;--tw-numeric-fraction:;--tw-ring-inset:;--tw-ring-offset-width: 0px;--tw-ring-offset-color: #fff;--tw-ring-offset-shadow: 0 0 #0000;--tw-ring-shadow: 0 0 #0000;--tw-shadow: 0 0 #0000;--tw-shadow-colored: 0 0 #0000;--tw-blur:;--tw-brightness:;--tw-contrast:;--tw-grayscale:;--tw-hue-rotate:;--tw-invert:;--tw-saturate:;--tw-sepia:;--tw-drop-shadow:;--tw-backdrop-blur:;--tw-backdrop-brightness:;--tw-backdrop-contrast:;--tw-backdrop-grayscale:;--tw-backdrop-hue-rotate:;--tw-backdrop-invert:;--tw-backdrop-opacity:;--tw-backdrop-saturate:;--tw-backdrop-sepia:\">Ana men\u00fcye d\u00f6n<\/span><\/span><\/a>                <\/span>\n\t\t\t\t\t\t\t<\/div>\n\t\t\t\t\t\t\t\t\t\t\t\t\t\t\t\t\t\t\t\t\t<h3 class=\"kf-title element-anim-1 scroll-animate\" data-animate=\"active\">\n\t\t\t\t\t\t\t\t<span >\n                  HokkahTalya                 <\/span>\n\t\t\t\t\t\t\t<\/h3>\n\t\t\t\t\t\t\t\t\t\t\t\t\t<\/div>\n\t\t\t\t\t\t\t\t\t\t\t<\/div>\n\t\t\t\t\t<div class=\"col-xs-12 col-sm-12 col-md-12 col-lg-4 align-self-center align-right\">\n\t\t\t\t\t\t\t\t\t\t\t<\/div>\n\t\t\t\t<\/div>\n\n\t\t\t<\/div>\n\t\t<\/section>\n\n\t\t\t\t\t\t<\/div>\n\t\t\t\t<\/div>\n\t\t\t\t\t<\/div>\n\t\t<\/div>\n\t\t\t\t\t<\/div>\n\t\t<\/section>\n\t\t\t\t<\/div>","protected":false},"excerpt":{"rendered":"<p>Dessert Menu Dessert Raspberry Cheesecake TL190 Tiramisu TL190 Croissant Ice Cream A freshly croissant served with vanilla and chocolate ice cream, topped with chocolate sauce. TL190 Ice Cream Scoop Mango,strawbery,vanilla chocolate. TL25 Osmanliye Ottoman style k\u00fcnefe with homemade fresh cream with sweet sirup TL110\u2026 <\/p>\n<div class=\"readmore\"><a href=\"https:\/\/www.hookahtalyacafe.com\/tr\/restaurant\/item\/fondant\/\" class=\"kf-btn-link\"><span>Read more<\/span> <i class=\"fas fa-chevron-right\"><\/i><\/a><\/div>","protected":false},"author":2,"featured_media":0,"parent":0,"menu_order":0,"comment_status":"closed","ping_status":"closed","template":"","meta":{"_acf_changed":false,"footnotes":""},"class_list":["post-3386","page","type-page","status-publish","hentry"],"acf":[],"_links":{"self":[{"href":"https:\/\/www.hookahtalyacafe.com\/tr\/wp-json\/wp\/v2\/pages\/3386","targetHints":{"allow":["GET"]}}],"collection":[{"href":"https:\/\/www.hookahtalyacafe.com\/tr\/wp-json\/wp\/v2\/pages"}],"about":[{"href":"https:\/\/www.hookahtalyacafe.com\/tr\/wp-json\/wp\/v2\/types\/page"}],"author":[{"embeddable":true,"href":"https:\/\/www.hookahtalyacafe.com\/tr\/wp-json\/wp\/v2\/users\/2"}],"replies":[{"embeddable":true,"href":"https:\/\/www.hookahtalyacafe.com\/tr\/wp-json\/wp\/v2\/comments?post=3386"}],"version-history":[{"count":0,"href":"https:\/\/www.hookahtalyacafe.com\/tr\/wp-json\/wp\/v2\/pages\/3386\/revisions"}],"wp:attachment":[{"href":"https:\/\/www.hookahtalyacafe.com\/tr\/wp-json\/wp\/v2\/media?parent=3386"}],"curies":[{"name":"wp","href":"https:\/\/api.w.org\/{rel}","templated":true}]}}