{"id":1388,"date":"2022-04-21T12:38:17","date_gmt":"2022-04-21T12:38:17","guid":{"rendered":"https:\/\/kaffen-demo.bslthemes.com\/?page_id=1388"},"modified":"2023-10-23T16:24:11","modified_gmt":"2023-10-23T16:24:11","slug":"cold-coffee-menu","status":"publish","type":"page","link":"https:\/\/www.hookahtalyacafe.com\/ar\/cold-coffee-menu\/","title":{"rendered":"Menu List"},"content":{"rendered":"<div data-elementor-type=\"wp-page\" data-elementor-id=\"1388\" class=\"elementor elementor-1388\" data-elementor-post-type=\"page\">\n\t\t\t\t\t\t<section class=\"elementor-section elementor-top-section elementor-element elementor-element-3461a1e elementor-section-full_width elementor-section-height-default elementor-section-height-default\" data-id=\"3461a1e\" data-element_type=\"section\" data-e-type=\"section\">\n\t\t\t\t\t\t<div class=\"elementor-container elementor-column-gap-no\">\n\t\t\t\t\t<div class=\"elementor-column elementor-col-100 elementor-top-column elementor-element elementor-element-e2b7bed\" data-id=\"e2b7bed\" data-element_type=\"column\" data-e-type=\"column\">\n\t\t\t<div class=\"elementor-widget-wrap\">\n\t\t\t\t\t\t\t<\/div>\n\t\t<\/div>\n\t\t\t\t\t<\/div>\n\t\t<\/section>\n\t\t\t\t<section class=\"elementor-section elementor-top-section elementor-element elementor-element-c24563b elementor-section-boxed elementor-section-height-default elementor-section-height-default\" data-id=\"c24563b\" data-element_type=\"section\" data-e-type=\"section\">\n\t\t\t\t\t\t<div class=\"elementor-container elementor-column-gap-no\">\n\t\t\t\t\t<div class=\"elementor-column elementor-col-100 elementor-top-column elementor-element elementor-element-a8bdf7a\" data-id=\"a8bdf7a\" data-element_type=\"column\" data-e-type=\"column\">\n\t\t\t<div class=\"elementor-widget-wrap elementor-element-populated\">\n\t\t\t\t\t\t<div class=\"elementor-element elementor-element-1d85839 elementor-widget elementor-widget-kaffen-started\" data-id=\"1d85839\" data-element_type=\"widget\" data-e-type=\"widget\" data-widget_type=\"kaffen-started.default\">\n\t\t\t\t<div class=\"elementor-widget-container\">\n\t\t\t\t\t\n    <!-- Section Started Inner -->\n    <section class=\"section kf-started-inner\">\n      <div class=\"kf-parallax-bg js-parallax\" style=\"background-image: url('https:\/\/www.hookahtalyacafe.com\/wp-content\/uploads\/2023\/09\/Cold-Drinks-HookahTaya-Cafe-Lara-Antalya.Menu_.webp');\"><\/div>\n\t  <div class=\"container\">\n        \n\t\t\t\t      <\/div>\n    <\/section>\n\n\t\t\t\t\t\t<\/div>\n\t\t\t\t<\/div>\n\t\t\t\t<div class=\"elementor-element elementor-element-ea30c53 elementor-widget elementor-widget-kaffen-heading\" data-id=\"ea30c53\" data-element_type=\"widget\" data-e-type=\"widget\" data-widget_type=\"kaffen-heading.default\">\n\t\t\t\t<div class=\"elementor-widget-container\">\n\t\t\t\t\t\n        <div class=\"kf-titles align-center\">\n            <div class=\"kf-subtitle element-anim-1 scroll-animate\" data-animate=\"active\">\n        <span >\n          \u0642\u0627\u0626\u0645\u0629        <\/span>\n      <\/div>\n                  <h3 class=\"kf-title element-anim-1 scroll-animate\" data-animate=\"active\">\n        <span >\n          Cold Coffee        <\/span>\n      <\/h3>\n          <\/div>\n    \n\t\t\t\t\t\t<\/div>\n\t\t\t\t<\/div>\n\t\t\t\t<section class=\"elementor-section elementor-inner-section elementor-element elementor-element-17f3005 elementor-section-full_width elementor-section-height-default elementor-section-height-default\" data-id=\"17f3005\" data-element_type=\"section\" data-e-type=\"section\">\n\t\t\t\t\t\t<div class=\"elementor-container elementor-column-gap-no\">\n\t\t\t\t\t<div class=\"elementor-column elementor-col-50 elementor-inner-column elementor-element elementor-element-e81052c\" data-id=\"e81052c\" data-element_type=\"column\" data-e-type=\"column\">\n\t\t\t<div class=\"elementor-widget-wrap elementor-element-populated\">\n\t\t\t\t\t\t<div class=\"elementor-element elementor-element-97627c5 elementor-widget elementor-widget-kaffen-restaurant-menu-list\" data-id=\"97627c5\" data-element_type=\"widget\" data-e-type=\"widget\" data-widget_type=\"kaffen-restaurant-menu-list.default\">\n\t\t\t\t<div class=\"elementor-widget-container\">\n\t\t\t\t\t\n\t\t\t\t<div class=\"kf-menu-items-2\">\n\t\t\t\n\n<!-- menu item -->\n<div class=\"kf-menu-item-2 element-anim-1 scroll-animate\" data-animate=\"active\">\n\t\t<div class=\"image kf-image-hover\">\n\t\t<a href=\"https:\/\/www.hookahtalyacafe.com\/wp-content\/uploads\/2023\/09\/iced-latte-1.webp\" data-elementor-open-lightbox=\"yes\" data-elementor-lightbox-title=\"Salted Caramel Latte\"><img decoding=\"async\" src=\"https:\/\/www.hookahtalyacafe.com\/wp-content\/uploads\/2023\/09\/iced-latte-1.webp\" alt=\"\u0644\u0627\u062a\u064a\u0647 \u0643\u0631\u0627\u0645\u064a\u0644 \u0645\u0645\u0644\u062d\" \/><\/a>\n\t<\/div>\n\t\t<div class=\"desc\">\n\t\t<h5 class=\"name\">\u0644\u0627\u062a\u064a\u0647 \u0643\u0631\u0627\u0645\u064a\u0644 \u0645\u0645\u0644\u062d<\/h5>\n\t\t\t\t<div class=\"subname\">\n\t\t\t\u00c7ift shot espresso, s\u00fct, tuzlu karamel ve buz.\t\t<\/div>\n\t\t\t\t\t\t<div class=\"price\">\n\t\t\t<span>TL200<\/span>\n\t\t<\/div>\n\t\t\t<\/div>\n<\/div>\n<!-- menu item end -->\n\n\n<!-- menu item -->\n<div class=\"kf-menu-item-2 element-anim-1 scroll-animate\" data-animate=\"active\">\n\t\t<div class=\"image kf-image-hover\">\n\t\t<a href=\"https:\/\/www.hookahtalyacafe.com\/wp-content\/uploads\/2023\/09\/Caramel-Frappuccino.webp\" data-elementor-open-lightbox=\"yes\" data-elementor-lightbox-title=\"Caramel Frappe\"><img decoding=\"async\" src=\"https:\/\/www.hookahtalyacafe.com\/wp-content\/uploads\/2023\/09\/Caramel-Frappuccino.webp\" alt=\"Caramel Frappe\" \/><\/a>\n\t<\/div>\n\t\t<div class=\"desc\">\n\t\t<h5 class=\"name\">Caramel Frappe<\/h5>\n\t\t\t\t<div class=\"subname\">\n\t\t\t\u00c7ift shot espresso, s\u00fct ve buz ile kar\u0131\u015ft\u0131r\u0131lm\u0131\u015f karamel sosu.\t\t<\/div>\n\t\t\t\t\t\t<div class=\"price\">\n\t\t\t<span>TL220<\/span>\n\t\t<\/div>\n\t\t\t<\/div>\n<\/div>\n<!-- menu item end -->\n\n\n<!-- menu item -->\n<div class=\"kf-menu-item-2 element-anim-1 scroll-animate\" data-animate=\"active\">\n\t\t<div class=\"image kf-image-hover\">\n\t\t<a href=\"https:\/\/www.hookahtalyacafe.com\/wp-content\/uploads\/2023\/09\/Chocolate-Frappuccino.webp\" data-elementor-open-lightbox=\"yes\" data-elementor-lightbox-title=\"Chocolate Frappe\"><img decoding=\"async\" src=\"https:\/\/www.hookahtalyacafe.com\/wp-content\/uploads\/2023\/09\/Chocolate-Frappuccino.webp\" alt=\"Chocolate Frappe\" \/><\/a>\n\t<\/div>\n\t\t<div class=\"desc\">\n\t\t<h5 class=\"name\">Chocolate Frappe<\/h5>\n\t\t\t\t<div class=\"subname\">\n\t\t\t\u00c7ift shot espresso, vanilya, s\u00fct ve buz ile kar\u0131\u015ft\u0131r\u0131lm\u0131\u015f \u00e7ikolata sosu.\t\t<\/div>\n\t\t\t\t\t\t<div class=\"price\">\n\t\t\t<span>TL220<\/span>\n\t\t<\/div>\n\t\t\t<\/div>\n<\/div>\n<!-- menu item end -->\n\n\n<!-- menu item -->\n<div class=\"kf-menu-item-2 element-anim-1 scroll-animate\" data-animate=\"active\">\n\t\t<div class=\"image kf-image-hover\">\n\t\t<a href=\"https:\/\/www.hookahtalyacafe.com\/wp-content\/uploads\/2023\/09\/Dalgona-HookahTaya-Cafe-Lara-Antalya.webp\" data-elementor-open-lightbox=\"yes\" data-elementor-lightbox-title=\"Dalgona\"><img decoding=\"async\" src=\"https:\/\/www.hookahtalyacafe.com\/wp-content\/uploads\/2023\/09\/Dalgona-HookahTaya-Cafe-Lara-Antalya.webp\" alt=\"\u062f\u0627\u0644\u063a\u0648\u0646\u0627\" \/><\/a>\n\t<\/div>\n\t\t<div class=\"desc\">\n\t\t<h5 class=\"name\">\u062f\u0627\u0644\u063a\u0648\u0646\u0627<\/h5>\n\t\t\t\t<div class=\"subname\">\n\t\t\tAnl\u0131k kahve kar\u0131\u015f\u0131m\u0131, s\u00fct ve buz.\t\t<\/div>\n\t\t\t\t\t\t<div class=\"price\">\n\t\t\t<span>TL200<\/span>\n\t\t<\/div>\n\t\t\t<\/div>\n<\/div>\n<!-- menu item end -->\n\n\n<!-- menu item -->\n<div class=\"kf-menu-item-2 element-anim-1 scroll-animate\" data-animate=\"active\">\n\t\t<div class=\"image kf-image-hover\">\n\t\t<a href=\"https:\/\/www.hookahtalyacafe.com\/wp-content\/uploads\/2023\/09\/Spanish-Latte.webp\" data-elementor-open-lightbox=\"yes\" data-elementor-lightbox-title=\"Spanish Latte\"><img decoding=\"async\" src=\"https:\/\/www.hookahtalyacafe.com\/wp-content\/uploads\/2023\/09\/Spanish-Latte.webp\" alt=\"\u0644\u0627\u062a\u064a\u0647 \u0627\u0633\u0628\u0627\u0646\u064a\" \/><\/a>\n\t<\/div>\n\t\t<div class=\"desc\">\n\t\t<h5 class=\"name\">\u0644\u0627\u062a\u064a\u0647 \u0627\u0633\u0628\u0627\u0646\u064a<\/h5>\n\t\t\t\t<div class=\"subname\">\n\t\t\t\u00c7ift shot espresso, buz, s\u00fct ve koyu k\u0131vaml\u0131 s\u00fct.\t\t<\/div>\n\t\t\t\t\t\t<div class=\"price\">\n\t\t\t<span>TL200<\/span>\n\t\t<\/div>\n\t\t\t<\/div>\n<\/div>\n<!-- menu item end -->\n\n\n<!-- menu item -->\n<div class=\"kf-menu-item-2 element-anim-1 scroll-animate\" data-animate=\"active\">\n\t\t<div class=\"image kf-image-hover\">\n\t\t<a href=\"https:\/\/www.hookahtalyacafe.com\/wp-content\/uploads\/2023\/09\/Iced-White-Mocha.webp\" data-elementor-open-lightbox=\"yes\" data-elementor-lightbox-title=\"Iced White Mocha\"><img decoding=\"async\" src=\"https:\/\/www.hookahtalyacafe.com\/wp-content\/uploads\/2023\/09\/Iced-White-Mocha.webp\" alt=\"\u0645\u0648\u0643\u0627 \u0628\u064a\u0636\u0627\u0621 \u0645\u062b\u0644\u062c\u0629\" \/><\/a>\n\t<\/div>\n\t\t<div class=\"desc\">\n\t\t<h5 class=\"name\">\u0645\u0648\u0643\u0627 \u0628\u064a\u0636\u0627\u0621 \u0645\u062b\u0644\u062c\u0629<\/h5>\n\t\t\t\t<div class=\"subname\">\n\t\t\t\u00c7ift shot espresso, buz, s\u00fct ve beyaz \u00e7ikolata sosu.\t\t<\/div>\n\t\t\t\t\t\t<div class=\"price\">\n\t\t\t<span>TL200<\/span>\n\t\t<\/div>\n\t\t\t<\/div>\n<\/div>\n<!-- menu item end -->\n\n\n<!-- menu item -->\n<div class=\"kf-menu-item-2 element-anim-1 scroll-animate\" data-animate=\"active\">\n\t\t<div class=\"image kf-image-hover\">\n\t\t<a href=\"https:\/\/www.hookahtalyacafe.com\/wp-content\/uploads\/2023\/09\/Iced-Brewed-Coffee.webp\" data-elementor-open-lightbox=\"yes\" data-elementor-lightbox-title=\"Iced Brewed Coffee\"><img decoding=\"async\" src=\"https:\/\/www.hookahtalyacafe.com\/wp-content\/uploads\/2023\/09\/Iced-Brewed-Coffee.webp\" alt=\"\u0627\u0644\u0642\u0647\u0648\u0629 \u0627\u0644\u0645\u062b\u0644\u062c\u0629\" \/><\/a>\n\t<\/div>\n\t\t<div class=\"desc\">\n\t\t<h5 class=\"name\">\u0627\u0644\u0642\u0647\u0648\u0629 \u0627\u0644\u0645\u062b\u0644\u062c\u0629<\/h5>\n\t\t\t\t<div class=\"subname\">\n\t\t\tBuz ile \u00f6zel so\u011fuk demlenmi\u015f kahvemiz.\t\t<\/div>\n\t\t\t\t\t\t<div class=\"price\">\n\t\t\t<span>TL160<\/span>\n\t\t<\/div>\n\t\t\t<\/div>\n<\/div>\n<!-- menu item end -->\n\n\n<!-- menu item -->\n<div class=\"kf-menu-item-2 element-anim-1 scroll-animate\" data-animate=\"active\">\n\t\t<div class=\"image kf-image-hover\">\n\t\t<a href=\"https:\/\/www.hookahtalyacafe.com\/wp-content\/uploads\/2023\/09\/iced-latte.webp\" data-elementor-open-lightbox=\"yes\" data-elementor-lightbox-title=\"Iced Caramel Latte\"><img decoding=\"async\" src=\"https:\/\/www.hookahtalyacafe.com\/wp-content\/uploads\/2023\/09\/iced-latte.webp\" alt=\"\u0644\u0627\u062a\u064a\u0647 \u0643\u0631\u0627\u0645\u064a\u0644 \u0645\u062b\u0644\u062c\" \/><\/a>\n\t<\/div>\n\t\t<div class=\"desc\">\n\t\t<h5 class=\"name\">\u0644\u0627\u062a\u064a\u0647 \u0643\u0631\u0627\u0645\u064a\u0644 \u0645\u062b\u0644\u062c<\/h5>\n\t\t\t\t<div class=\"subname\">\n\t\t\t\u00c7ift shot espresso, s\u00fct, karamel ve buz.\t\t<\/div>\n\t\t\t\t\t\t<div class=\"price\">\n\t\t\t<span>TL200<\/span>\n\t\t<\/div>\n\t\t\t<\/div>\n<\/div>\n<!-- menu item end -->\n\n\n<!-- menu item -->\n<div class=\"kf-menu-item-2 element-anim-1 scroll-animate\" data-animate=\"active\">\n\t\t<div class=\"image kf-image-hover\">\n\t\t<a href=\"https:\/\/www.hookahtalyacafe.com\/wp-content\/uploads\/2023\/09\/Iced-Americano-HookahTalya.webp\" data-elementor-open-lightbox=\"yes\" data-elementor-lightbox-title=\"Iced Americano\"><img decoding=\"async\" src=\"https:\/\/www.hookahtalyacafe.com\/wp-content\/uploads\/2023\/09\/Iced-Americano-HookahTalya.webp\" alt=\"\u0623\u0645\u0631\u064a\u0643\u0627\u0646\u0648 \u0645\u062b\u0644\u062c\" \/><\/a>\n\t<\/div>\n\t\t<div class=\"desc\">\n\t\t<h5 class=\"name\">\u0623\u0645\u0631\u064a\u0643\u0627\u0646\u0648 \u0645\u062b\u0644\u062c<\/h5>\n\t\t\t\t<div class=\"subname\">\n\t\t\tBuz ile \u00e7ift shot espresso.\t\t<\/div>\n\t\t\t\t\t\t<div class=\"price\">\n\t\t\t<span>TL160<\/span>\n\t\t<\/div>\n\t\t\t<\/div>\n<\/div>\n<!-- menu item end -->\n\n\n<!-- menu item -->\n<div class=\"kf-menu-item-2 element-anim-1 scroll-animate\" data-animate=\"active\">\n\t\t<div class=\"image kf-image-hover\">\n\t\t<a href=\"https:\/\/www.hookahtalyacafe.com\/wp-content\/uploads\/2023\/09\/Americano-Honey-Rose-HookahTaya-Cafe-Lara-Antalya.webp\" data-elementor-open-lightbox=\"yes\" data-elementor-lightbox-title=\"Americano Honey Rose\"><img decoding=\"async\" src=\"https:\/\/www.hookahtalyacafe.com\/wp-content\/uploads\/2023\/09\/Americano-Honey-Rose-HookahTaya-Cafe-Lara-Antalya.webp\" alt=\"\u0627\u0645\u0631\u064a\u0643\u0627\u0646\u0648 \u0647\u0648\u0646\u064a \u0631\u0648\u0632\" \/><\/a>\n\t<\/div>\n\t\t<div class=\"desc\">\n\t\t<h5 class=\"name\">\u0627\u0645\u0631\u064a\u0643\u0627\u0646\u0648 \u0647\u0648\u0646\u064a \u0631\u0648\u0632<\/h5>\n\t\t\t\t<div class=\"subname\">\n\t\t\tShot espresso, bal, g\u00fcl ve buz.\t\t<\/div>\n\t\t\t\t\t\t<div class=\"price\">\n\t\t\t<span>TL200<\/span>\n\t\t<\/div>\n\t\t\t<\/div>\n<\/div>\n<!-- menu item end -->\n\n\n<!-- menu item -->\n<div class=\"kf-menu-item-2 element-anim-1 scroll-animate\" data-animate=\"active\">\n\t\t<div class=\"image kf-image-hover\">\n\t\t<a href=\"https:\/\/www.hookahtalyacafe.com\/wp-content\/uploads\/2023\/09\/Americano-Lemonade.webp\" data-elementor-open-lightbox=\"yes\" data-elementor-lightbox-title=\"Americano Lemonade\"><img decoding=\"async\" src=\"https:\/\/www.hookahtalyacafe.com\/wp-content\/uploads\/2023\/09\/Americano-Lemonade.webp\" alt=\"\u0623\u0645\u0631\u064a\u0643\u0627\u0646\u0648 \u0644\u064a\u0645\u0648\u0646\u0627\u0636\u0629\" \/><\/a>\n\t<\/div>\n\t\t<div class=\"desc\">\n\t\t<h5 class=\"name\">\u0623\u0645\u0631\u064a\u0643\u0627\u0646\u0648 \u0644\u064a\u0645\u0648\u0646\u0627\u0636\u0629<\/h5>\n\t\t\t\t<div class=\"subname\">\n\t\t\tShot espresso ile taze haz\u0131rlanan limonata.\t\t<\/div>\n\t\t\t\t\t\t<div class=\"price\">\n\t\t\t<span>TL200<\/span>\n\t\t<\/div>\n\t\t\t<\/div>\n<\/div>\n<!-- menu item end -->\n\n\n<!-- menu item -->\n<div class=\"kf-menu-item-2 element-anim-1 scroll-animate\" data-animate=\"active\">\n\t\t<div class=\"image kf-image-hover\">\n\t\t<a href=\"https:\/\/www.hookahtalyacafe.com\/wp-content\/uploads\/2023\/09\/Iced-Mocha-Cafe-Lara-Antalya.webp\" data-elementor-open-lightbox=\"yes\" data-elementor-lightbox-title=\"Iced Mocha\"><img decoding=\"async\" src=\"https:\/\/www.hookahtalyacafe.com\/wp-content\/uploads\/2023\/09\/Iced-Mocha-Cafe-Lara-Antalya.webp\" alt=\"\u0645\u0648\u0643\u0627 \u0645\u062b\u0644\u062c\u0629\" \/><\/a>\n\t<\/div>\n\t\t<div class=\"desc\">\n\t\t<h5 class=\"name\">\u0645\u0648\u0643\u0627 \u0645\u062b\u0644\u062c\u0629<\/h5>\n\t\t\t\t<div class=\"subname\">\n\t\t\t\u00c7ift shot espresso, buz, s\u00fct ve \u00e7ikolata sosu.\t\t<\/div>\n\t\t\t\t\t\t<div class=\"price\">\n\t\t\t<span>TL200<\/span>\n\t\t<\/div>\n\t\t\t<\/div>\n<\/div>\n<!-- menu item end -->\n\n\n<!-- menu item -->\n<div class=\"kf-menu-item-2 element-anim-1 scroll-animate\" data-animate=\"active\">\n\t\t<div class=\"image kf-image-hover\">\n\t\t<a href=\"https:\/\/www.hookahtalyacafe.com\/wp-content\/uploads\/2023\/09\/Iced-Latte_HookahTaya-Cafe-Lara-Antalya.webp\" data-elementor-open-lightbox=\"yes\" data-elementor-lightbox-title=\"Iced Latte\"><img decoding=\"async\" src=\"https:\/\/www.hookahtalyacafe.com\/wp-content\/uploads\/2023\/09\/Iced-Latte_HookahTaya-Cafe-Lara-Antalya.webp\" alt=\"\u0644\u0627\u062a\u064a\u0647 \u0645\u062b\u0644\u062c\" \/><\/a>\n\t<\/div>\n\t\t<div class=\"desc\">\n\t\t<h5 class=\"name\">\u0644\u0627\u062a\u064a\u0647 \u0645\u062b\u0644\u062c<\/h5>\n\t\t\t\t<div class=\"subname\">\n\t\t\t\u00c7ift shot espresso, buz ve s\u00fct.\t\t<\/div>\n\t\t\t\t\t\t<div class=\"price\">\n\t\t\t<span>TL180<\/span>\n\t\t<\/div>\n\t\t\t<\/div>\n<\/div>\n<!-- menu item end -->\n\n\n<!-- menu item -->\n<div class=\"kf-menu-item-2 element-anim-1 scroll-animate\" data-animate=\"active\">\n\t\t<div class=\"image kf-image-hover\">\n\t\t<a href=\"https:\/\/www.hookahtalyacafe.com\/wp-content\/uploads\/2023\/09\/Affogato-HookahTaya-Cafe-Lara-Antalya.webp\" data-elementor-open-lightbox=\"yes\" data-elementor-lightbox-title=\"Affogato\"><img decoding=\"async\" src=\"https:\/\/www.hookahtalyacafe.com\/wp-content\/uploads\/2023\/09\/Affogato-HookahTaya-Cafe-Lara-Antalya.webp\" alt=\"\u0623\u0641\u0648\u062c\u0627\u062a\u0648\" \/><\/a>\n\t<\/div>\n\t\t<div class=\"desc\">\n\t\t<h5 class=\"name\">\u0623\u0641\u0648\u062c\u0627\u062a\u0648<\/h5>\n\t\t\t\t<div class=\"subname\">\n\t\t\tEspresso ile \u00fcst\u00fcne vanilya dondurma eklenmi\u015f.\t\t<\/div>\n\t\t\t\t\t\t<div class=\"price\">\n\t\t\t<span>TL190<\/span>\n\t\t<\/div>\n\t\t\t<\/div>\n<\/div>\n<!-- menu item end -->\n\t\t<\/div>\n\n\t\t\n\t\t\t\t\t\t<\/div>\n\t\t\t\t<\/div>\n\t\t\t\t\t<\/div>\n\t\t<\/div>\n\t\t\t\t<div class=\"elementor-column elementor-col-50 elementor-inner-column elementor-element elementor-element-8646d68\" data-id=\"8646d68\" data-element_type=\"column\" data-e-type=\"column\">\n\t\t\t<div class=\"elementor-widget-wrap\">\n\t\t\t\t\t\t\t<\/div>\n\t\t<\/div>\n\t\t\t\t\t<\/div>\n\t\t<\/section>\n\t\t\t\t\t<\/div>\n\t\t<\/div>\n\t\t\t\t\t<\/div>\n\t\t<\/section>\n\t\t\t\t<section class=\"elementor-section elementor-top-section elementor-element elementor-element-45c2a71 elementor-section-full_width elementor-section-height-default elementor-section-height-default\" data-id=\"45c2a71\" data-element_type=\"section\" data-e-type=\"section\">\n\t\t\t\t\t\t<div class=\"elementor-container elementor-column-gap-no\">\n\t\t\t\t\t<div class=\"elementor-column elementor-col-100 elementor-top-column elementor-element elementor-element-24f03de\" data-id=\"24f03de\" data-element_type=\"column\" data-e-type=\"column\">\n\t\t\t<div class=\"elementor-widget-wrap elementor-element-populated\">\n\t\t\t\t\t\t<div class=\"elementor-element elementor-element-45edc24 elementor-widget elementor-widget-kaffen-cta\" data-id=\"45edc24\" data-element_type=\"widget\" data-e-type=\"widget\" data-widget_type=\"kaffen-cta.default\">\n\t\t\t\t<div class=\"elementor-widget-container\">\n\t\t\t\t\t\n\t\t<!-- Section CTA -->\n\t\t<section class=\"section kf-cta kf-parallax\" style=\"background-image: url('https:\/\/bslthemes.com\/import\/kaffen\/01\/uploads\/2022\/04\/menu_coffee_inner_bg.jpg');\">\n\t\t\t<div class=\"container\">\n\n\t\t\t\t<div class=\"row\">\n\t\t\t\t\t<div class=\"col-xs-12 col-sm-12 col-md-12 col-lg-8\">\n\t\t\t\t\t\t\t\t\t\t\t\t<div class=\"kf-titles\">\n\t\t\t\t\t\t\t\t\t\t\t\t\t\t<div class=\"kf-subtitle element-anim-1 scroll-animate\" data-animate=\"active\">\n\t\t\t\t\t\t\t\t<span >\n                  <a class=\"elementor-button elementor-button-link elementor-size-sm\" href=\"https:\/\/www.hookahtalyacafe.com\/ar\/\" style=\"--tw-border-spacing-x: 0;--tw-border-spacing-y: 0;--tw-translate-x: 0;--tw-translate-y: 0;--tw-rotate: 0;--tw-skew-x: 0;--tw-skew-y: 0;--tw-scale-x: 1;--tw-scale-y: 1;--tw-pan-x:;--tw-pan-y:;--tw-pinch-zoom:;--tw-scroll-snap-strictness: proximity;--tw-gradient-from-position:;--tw-gradient-via-position:;--tw-gradient-to-position:;--tw-ordinal:;--tw-slashed-zero:;--tw-numeric-figure:;--tw-numeric-spacing:;--tw-numeric-fraction:;--tw-ring-inset:;--tw-ring-offset-width: 0px;--tw-ring-offset-color: #fff;--tw-ring-offset-shadow: 0 0 #0000;--tw-ring-shadow: 0 0 #0000;--tw-shadow: 0 0 #0000;--tw-shadow-colored: 0 0 #0000;--tw-blur:;--tw-brightness:;--tw-contrast:;--tw-grayscale:;--tw-hue-rotate:;--tw-invert:;--tw-saturate:;--tw-sepia:;--tw-drop-shadow:;--tw-backdrop-blur:;--tw-backdrop-brightness:;--tw-backdrop-contrast:;--tw-backdrop-grayscale:;--tw-backdrop-hue-rotate:;--tw-backdrop-invert:;--tw-backdrop-opacity:;--tw-backdrop-saturate:;--tw-backdrop-sepia:;letter-spacing: normal;text-transform: none\"><span class=\"elementor-button-content-wrapper\" style=\"--tw-border-spacing-x: 0;--tw-border-spacing-y: 0;--tw-translate-x: 0;--tw-translate-y: 0;--tw-rotate: 0;--tw-skew-x: 0;--tw-skew-y: 0;--tw-scale-x: 1;--tw-scale-y: 1;--tw-pan-x:;--tw-pan-y:;--tw-pinch-zoom:;--tw-scroll-snap-strictness: proximity;--tw-gradient-from-position:;--tw-gradient-via-position:;--tw-gradient-to-position:;--tw-ordinal:;--tw-slashed-zero:;--tw-numeric-figure:;--tw-numeric-spacing:;--tw-numeric-fraction:;--tw-ring-inset:;--tw-ring-offset-width: 0px;--tw-ring-offset-color: #fff;--tw-ring-offset-shadow: 0 0 #0000;--tw-ring-shadow: 0 0 #0000;--tw-shadow: 0 0 #0000;--tw-shadow-colored: 0 0 #0000;--tw-blur:;--tw-brightness:;--tw-contrast:;--tw-grayscale:;--tw-hue-rotate:;--tw-invert:;--tw-saturate:;--tw-sepia:;--tw-drop-shadow:;--tw-backdrop-blur:;--tw-backdrop-brightness:;--tw-backdrop-contrast:;--tw-backdrop-grayscale:;--tw-backdrop-hue-rotate:;--tw-backdrop-invert:;--tw-backdrop-opacity:;--tw-backdrop-saturate:;--tw-backdrop-sepia:\"><span class=\"elementor-button-text\" style=\"--tw-border-spacing-x: 0;--tw-border-spacing-y: 0;--tw-translate-x: 0;--tw-translate-y: 0;--tw-rotate: 0;--tw-skew-x: 0;--tw-skew-y: 0;--tw-scale-x: 1;--tw-scale-y: 1;--tw-pan-x:;--tw-pan-y:;--tw-pinch-zoom:;--tw-scroll-snap-strictness: proximity;--tw-gradient-from-position:;--tw-gradient-via-position:;--tw-gradient-to-position:;--tw-ordinal:;--tw-slashed-zero:;--tw-numeric-figure:;--tw-numeric-spacing:;--tw-numeric-fraction:;--tw-ring-inset:;--tw-ring-offset-width: 0px;--tw-ring-offset-color: #fff;--tw-ring-offset-shadow: 0 0 #0000;--tw-ring-shadow: 0 0 #0000;--tw-shadow: 0 0 #0000;--tw-shadow-colored: 0 0 #0000;--tw-blur:;--tw-brightness:;--tw-contrast:;--tw-grayscale:;--tw-hue-rotate:;--tw-invert:;--tw-saturate:;--tw-sepia:;--tw-drop-shadow:;--tw-backdrop-blur:;--tw-backdrop-brightness:;--tw-backdrop-contrast:;--tw-backdrop-grayscale:;--tw-backdrop-hue-rotate:;--tw-backdrop-invert:;--tw-backdrop-opacity:;--tw-backdrop-saturate:;--tw-backdrop-sepia:\">\u0627\u0644\u0639\u0648\u062f\u0629 \u0627\u0644\u0649 \u0627\u0644\u0642\u0627\u0626\u0645\u0629 \u0627\u0644\u0631\u0626\u0633\u064a\u0629<\/span><\/span><\/a>                <\/span>\n\t\t\t\t\t\t\t<\/div>\n\t\t\t\t\t\t\t\t\t\t\t\t\t\t\t\t\t\t\t\t\t<h3 class=\"kf-title element-anim-1 scroll-animate\" data-animate=\"active\">\n\t\t\t\t\t\t\t\t<span >\n                  \u0647\u0648\u0643\u0627\u062a\u0627\u0644\u064a\u0627                 <\/span>\n\t\t\t\t\t\t\t<\/h3>\n\t\t\t\t\t\t\t\t\t\t\t\t\t<\/div>\n\t\t\t\t\t\t\t\t\t\t\t<\/div>\n\t\t\t\t\t<div class=\"col-xs-12 col-sm-12 col-md-12 col-lg-4 align-self-center align-right\">\n\t\t\t\t\t\t\t\t\t\t\t<\/div>\n\t\t\t\t<\/div>\n\n\t\t\t<\/div>\n\t\t<\/section>\n\n\t\t\t\t\t\t<\/div>\n\t\t\t\t<\/div>\n\t\t\t\t\t<\/div>\n\t\t<\/div>\n\t\t\t\t\t<\/div>\n\t\t<\/section>\n\t\t\t\t<section class=\"elementor-section elementor-top-section elementor-element elementor-element-91f3b3d elementor-section-boxed elementor-section-height-default elementor-section-height-default\" data-id=\"91f3b3d\" data-element_type=\"section\" data-e-type=\"section\">\n\t\t\t\t\t\t<div class=\"elementor-container elementor-column-gap-no\">\n\t\t\t\t\t<div class=\"elementor-column elementor-col-100 elementor-top-column elementor-element elementor-element-7c5caa2\" data-id=\"7c5caa2\" data-element_type=\"column\" data-e-type=\"column\">\n\t\t\t<div class=\"elementor-widget-wrap\">\n\t\t\t\t\t\t\t<\/div>\n\t\t<\/div>\n\t\t\t\t\t<\/div>\n\t\t<\/section>\n\t\t\t\t<\/div>","protected":false},"excerpt":{"rendered":"<p>Menu Cold Coffee Salted Caramel Latte \u00c7ift shot espresso, s\u00fct, tuzlu karamel ve buz. TL75 Caramel Frappuccino \u00c7ift shot espresso, s\u00fct ve buz ile kar\u0131\u015ft\u0131r\u0131lm\u0131\u015f karamel sosu. TL80 Chocolate Frappuccino \u00c7ift shot espresso, vanilya, s\u00fct ve buz ile kar\u0131\u015ft\u0131r\u0131lm\u0131\u015f \u00e7ikolata sosu. TL80 Dalgona Anl\u0131k\u2026 <\/p>\n<div class=\"readmore\"><a href=\"https:\/\/www.hookahtalyacafe.com\/ar\/restaurant\/item\/affogato\/\" class=\"kf-btn-link\"><span>Read more<\/span> <i class=\"fas fa-chevron-right\"><\/i><\/a><\/div>","protected":false},"author":2,"featured_media":0,"parent":0,"menu_order":0,"comment_status":"closed","ping_status":"closed","template":"template-layout-builder.php","meta":{"_acf_changed":false,"footnotes":""},"class_list":["post-1388","page","type-page","status-publish","hentry"],"acf":[],"_links":{"self":[{"href":"https:\/\/www.hookahtalyacafe.com\/ar\/wp-json\/wp\/v2\/pages\/1388","targetHints":{"allow":["GET"]}}],"collection":[{"href":"https:\/\/www.hookahtalyacafe.com\/ar\/wp-json\/wp\/v2\/pages"}],"about":[{"href":"https:\/\/www.hookahtalyacafe.com\/ar\/wp-json\/wp\/v2\/types\/page"}],"author":[{"embeddable":true,"href":"https:\/\/www.hookahtalyacafe.com\/ar\/wp-json\/wp\/v2\/users\/2"}],"replies":[{"embeddable":true,"href":"https:\/\/www.hookahtalyacafe.com\/ar\/wp-json\/wp\/v2\/comments?post=1388"}],"version-history":[{"count":0,"href":"https:\/\/www.hookahtalyacafe.com\/ar\/wp-json\/wp\/v2\/pages\/1388\/revisions"}],"wp:attachment":[{"href":"https:\/\/www.hookahtalyacafe.com\/ar\/wp-json\/wp\/v2\/media?parent=1388"}],"curies":[{"name":"wp","href":"https:\/\/api.w.org\/{rel}","templated":true}]}}